{"id":42,"date":"2023-11-12T12:12:49","date_gmt":"2023-11-12T11:12:49","guid":{"rendered":"http:\/\/menschenfuermarktrodach.de\/?page_id=42"},"modified":"2026-03-30T14:24:36","modified_gmt":"2026-03-30T13:24:36","slug":"rueckblick","status":"publish","type":"page","link":"http:\/\/menschenfuermarktrodach.de\/?page_id=42","title":{"rendered":"R\u00fcckblick"},"content":{"rendered":"\n<p><strong>4 Mandate f\u00fcr \u201eMenschen f\u00fcr Marktrodach\u201c \u2013 Ein herzliches Dankesch\u00f6n!<\/strong><br><br>\u200bWir sind \u00fcberw\u00e4ltigt! Bei der vergangenen Kommunalwahl konnten wir als W\u00e4hlergemeinschaft \u201eMenschen f\u00fcr Marktrodach\u201c insgesamt 4 Mandate im Gemeinderat gewinnen.<br><br>\u200bDieses starke Ergebnis ist f\u00fcr uns ein gro\u00dfer Vertrauensbeweis der B\u00fcrgerinnen und B\u00fcrger, f\u00fcr den wir uns von Herzen bedanken m\u00f6chten.<br><br>Wir sind bereit, unsere Energie und Ideen nun direkt in die Arbeit f\u00fcr unsere Gemeinde einzubringen.<br><br>\u200bFolgende Gemeinder\u00e4te sind in unserer W\u00e4hlergemeinschaft gew\u00e4hlt:<br><br>\u200b&#x2705; Katja Wich<br>&#x2705; Roland Pompe<br>&#x2705; Sebastian B\u00f6hm<br>&#x2705; Marco Mai<br><br>\u200bEin gro\u00dfes Dankesch\u00f6n geht an alle, die uns unterst\u00fctzt haben.<br><br>\u200bEure W\u00e4hlergemeinschaft<br>Menschen f\u00fcr Marktrodach<\/p>\n\n\n\n<div class=\"wp-block-group is-layout-constrained wp-block-group-is-layout-constrained\">\n<figure class=\"wp-block-gallery aligncenter has-nested-images columns-2 is-cropped wp-block-gallery-1 is-layout-flex wp-block-gallery-is-layout-flex\">\n<figure class=\"wp-block-image size-large\"><img loading=\"lazy\" decoding=\"async\" width=\"800\" height=\"1000\" data-id=\"606\" src=\"https:\/\/menschenfuermarktrodach.de\/wp-content\/uploads\/2026\/03\/Katja-GR.jpg\" alt=\"\" class=\"wp-image-606\" srcset=\"http:\/\/menschenfuermarktrodach.de\/wp-content\/uploads\/2026\/03\/Katja-GR.jpg 800w, http:\/\/menschenfuermarktrodach.de\/wp-content\/uploads\/2026\/03\/Katja-GR-240x300.jpg 240w, http:\/\/menschenfuermarktrodach.de\/wp-content\/uploads\/2026\/03\/Katja-GR-768x960.jpg 768w\" sizes=\"auto, (max-width: 800px) 100vw, 800px\" \/><\/figure>\n\n\n\n<figure class=\"wp-block-image size-large\"><img loading=\"lazy\" decoding=\"async\" width=\"800\" height=\"1000\" data-id=\"604\" src=\"https:\/\/menschenfuermarktrodach.de\/wp-content\/uploads\/2026\/03\/Roland-GR.jpg\" alt=\"\" class=\"wp-image-604\" srcset=\"http:\/\/menschenfuermarktrodach.de\/wp-content\/uploads\/2026\/03\/Roland-GR.jpg 800w, http:\/\/menschenfuermarktrodach.de\/wp-content\/uploads\/2026\/03\/Roland-GR-240x300.jpg 240w, http:\/\/menschenfuermarktrodach.de\/wp-content\/uploads\/2026\/03\/Roland-GR-768x960.jpg 768w\" sizes=\"auto, (max-width: 800px) 100vw, 800px\" \/><\/figure>\n\n\n\n<figure class=\"wp-block-image size-large\"><img loading=\"lazy\" decoding=\"async\" width=\"800\" height=\"1000\" data-id=\"603\" src=\"https:\/\/menschenfuermarktrodach.de\/wp-content\/uploads\/2026\/03\/Sebastian-GR.jpg\" alt=\"\" class=\"wp-image-603\" srcset=\"http:\/\/menschenfuermarktrodach.de\/wp-content\/uploads\/2026\/03\/Sebastian-GR.jpg 800w, http:\/\/menschenfuermarktrodach.de\/wp-content\/uploads\/2026\/03\/Sebastian-GR-240x300.jpg 240w, http:\/\/menschenfuermarktrodach.de\/wp-content\/uploads\/2026\/03\/Sebastian-GR-768x960.jpg 768w\" sizes=\"auto, (max-width: 800px) 100vw, 800px\" \/><\/figure>\n\n\n\n<figure class=\"wp-block-image size-large\"><img loading=\"lazy\" decoding=\"async\" width=\"800\" height=\"1000\" data-id=\"605\" src=\"https:\/\/menschenfuermarktrodach.de\/wp-content\/uploads\/2026\/03\/Marco-GR.jpg\" alt=\"\" class=\"wp-image-605\" srcset=\"http:\/\/menschenfuermarktrodach.de\/wp-content\/uploads\/2026\/03\/Marco-GR.jpg 800w, http:\/\/menschenfuermarktrodach.de\/wp-content\/uploads\/2026\/03\/Marco-GR-240x300.jpg 240w, http:\/\/menschenfuermarktrodach.de\/wp-content\/uploads\/2026\/03\/Marco-GR-768x960.jpg 768w\" sizes=\"auto, (max-width: 800px) 100vw, 800px\" \/><\/figure>\n<\/figure>\n<\/div>\n\n\n\n<figure class=\"wp-block-image aligncenter size-full\"><img loading=\"lazy\" decoding=\"async\" width=\"535\" height=\"316\" src=\"http:\/\/menschenfuermarktrodach.de\/wp-content\/uploads\/2026\/03\/Sitze-Gemeinderat.jpg\" alt=\"\" class=\"wp-image-600\" srcset=\"http:\/\/menschenfuermarktrodach.de\/wp-content\/uploads\/2026\/03\/Sitze-Gemeinderat.jpg 535w, http:\/\/menschenfuermarktrodach.de\/wp-content\/uploads\/2026\/03\/Sitze-Gemeinderat-300x177.jpg 300w\" sizes=\"auto, (max-width: 535px) 100vw, 535px\" \/><\/figure>\n\n\n\n<figure class=\"wp-block-image size-large\"><img loading=\"lazy\" decoding=\"async\" width=\"1024\" height=\"457\" src=\"http:\/\/menschenfuermarktrodach.de\/wp-content\/uploads\/2026\/03\/Liste-gewaehlt-1024x457.jpg\" alt=\"\" class=\"wp-image-601\" srcset=\"http:\/\/menschenfuermarktrodach.de\/wp-content\/uploads\/2026\/03\/Liste-gewaehlt-1024x457.jpg 1024w, http:\/\/menschenfuermarktrodach.de\/wp-content\/uploads\/2026\/03\/Liste-gewaehlt-300x134.jpg 300w, http:\/\/menschenfuermarktrodach.de\/wp-content\/uploads\/2026\/03\/Liste-gewaehlt-768x343.jpg 768w, http:\/\/menschenfuermarktrodach.de\/wp-content\/uploads\/2026\/03\/Liste-gewaehlt.jpg 1442w\" sizes=\"auto, (max-width: 1024px) 100vw, 1024px\" \/><\/figure>\n\n\n\n<p class=\"has-text-align-center\"><br><a href=\"https:\/\/menschenfuermarktrodach.de\/?page_id=304\" data-type=\"page\" data-id=\"304\">Ein Team. Ein Ziel. Marktrodach.<\/a><\/p>\n\n\n\n<hr class=\"wp-block-separator has-alpha-channel-opacity\"\/>\n\n\n\n<p><strong>13.822 Stimmen \u2013 Ein riesiges DANKE aus Marktrodach<\/strong>! &#x2764;&#xfe0f;&#x1f5f3;&#xfe0f;<br><br>\u200bWir als Verein Menschen f\u00fcr Marktrodach sind immer noch \u00fcberw\u00e4ltigt und unglaublich stolz!<br><br>Unsere Vorsitzende Katja Wich hat bei der Wahl zum Kreistag ein sensationelles Ergebnis erzielt.<br><br>\u200bEin herzliches Dankesch\u00f6n an alle W\u00e4hlerinnen und W\u00e4hler im gesamten Landkreis Kronach f\u00fcr diesen enormen Vertrauensbeweis. Dass sie als freie Kandidatin mit so viel R\u00fcckenwind in den Kreistag einzieht, ist ein starkes Signal f\u00fcr unsere Heimat und eine Wertsch\u00e4tzung f\u00fcr ihre geleistete Arbeit hier in Marktrodach.<br><br>\u200bEin ganz besonderer Dank geht an den CSU Kreisverband Kronach mit Bernd Liebhardt an der Spitze.<br><br>&#8222;Danke f\u00fcr die gro\u00dfartige Aufnahme auf der Liste, die Unterst\u00fctzung und das Vertrauen in unsere Vorsitzende. Gemeinsam haben wir als Team ein Zeichen gesetzt, das weit \u00fcber Marktrodach hinausstrahlt! &#8222;&#x1f91d;&#x1f332;<br><br>\u200bWir freuen uns riesig, dass Katja nun unsere Werte und Visionen aktiv im Kreistag vertreten wird. Sie ist bereit, die Zukunft unseres Landkreises mitzugestalten. &#x1f680;<\/p>\n\n\n\n<figure class=\"wp-block-image size-large\"><img loading=\"lazy\" decoding=\"async\" width=\"683\" height=\"1024\" src=\"https:\/\/menschenfuermarktrodach.de\/wp-content\/uploads\/2023\/11\/Katja_LRA-683x1024.jpg\" alt=\"\" class=\"wp-image-598\" srcset=\"http:\/\/menschenfuermarktrodach.de\/wp-content\/uploads\/2023\/11\/Katja_LRA-683x1024.jpg 683w, http:\/\/menschenfuermarktrodach.de\/wp-content\/uploads\/2023\/11\/Katja_LRA-200x300.jpg 200w, http:\/\/menschenfuermarktrodach.de\/wp-content\/uploads\/2023\/11\/Katja_LRA-768x1152.jpg 768w, http:\/\/menschenfuermarktrodach.de\/wp-content\/uploads\/2023\/11\/Katja_LRA.jpg 1024w\" sizes=\"auto, (max-width: 683px) 100vw, 683px\" \/><\/figure>\n\n\n\n<p><\/p>\n\n\n\n<p><\/p>\n","protected":false},"excerpt":{"rendered":"<p>4 Mandate f\u00fcr \u201eMenschen f\u00fcr Marktrodach\u201c \u2013 Ein herzliches Dankesch\u00f6n! \u200bWir sind \u00fcberw\u00e4ltigt! Bei der vergangenen Kommunalwahl konnten wir als W\u00e4hlergemeinschaft \u201eMenschen f\u00fcr Marktrodach\u201c insgesamt 4 Mandate im Gemeinderat gewinnen. \u200bDieses starke Ergebnis ist f\u00fcr uns ein gro\u00dfer Vertrauensbeweis der B\u00fcrgerinnen und B\u00fcrger, f\u00fcr den wir uns von Herzen bedanken m\u00f6chten. Wir sind bereit, unsere [&hellip;]<\/p>\n","protected":false},"author":1,"featured_media":0,"parent":0,"menu_order":0,"comment_status":"closed","ping_status":"closed","template":"","meta":{"_kadence_starter_templates_imported_post":false,"footnotes":""},"class_list":["post-42","page","type-page","status-publish","hentry"],"_links":{"self":[{"href":"http:\/\/menschenfuermarktrodach.de\/index.php?rest_route=\/wp\/v2\/pages\/42","targetHints":{"allow":["GET"]}}],"collection":[{"href":"http:\/\/menschenfuermarktrodach.de\/index.php?rest_route=\/wp\/v2\/pages"}],"about":[{"href":"http:\/\/menschenfuermarktrodach.de\/index.php?rest_route=\/wp\/v2\/types\/page"}],"author":[{"embeddable":true,"href":"http:\/\/menschenfuermarktrodach.de\/index.php?rest_route=\/wp\/v2\/users\/1"}],"replies":[{"embeddable":true,"href":"http:\/\/menschenfuermarktrodach.de\/index.php?rest_route=%2Fwp%2Fv2%2Fcomments&post=42"}],"version-history":[{"count":12,"href":"http:\/\/menschenfuermarktrodach.de\/index.php?rest_route=\/wp\/v2\/pages\/42\/revisions"}],"predecessor-version":[{"id":670,"href":"http:\/\/menschenfuermarktrodach.de\/index.php?rest_route=\/wp\/v2\/pages\/42\/revisions\/670"}],"wp:attachment":[{"href":"http:\/\/menschenfuermarktrodach.de\/index.php?rest_route=%2Fwp%2Fv2%2Fmedia&parent=42"}],"curies":[{"name":"wp","href":"https:\/\/api.w.org\/{rel}","templated":true}]}}