{"id":47,"date":"2023-12-06T20:20:32","date_gmt":"2023-12-06T19:20:32","guid":{"rendered":"http:\/\/menschenfuermarktrodach.de\/?page_id=47"},"modified":"2026-03-29T09:58:45","modified_gmt":"2026-03-29T08:58:45","slug":"aktuelles","status":"publish","type":"page","link":"http:\/\/menschenfuermarktrodach.de\/?page_id=47","title":{"rendered":"Verein aktiv"},"content":{"rendered":"\n<p>&#x1f31f; <strong>Wer sind eigentlich Die Menschen f\u00fcr Marktrodach? <\/strong>&#x1f31f;<br><br>Diese Gemeinschaft wurde 2019 gegr\u00fcndet, um die Weichen f\u00fcr die Zukunft zu stellen \u2013 und nun gehen wir den n\u00e4chsten gro\u00dfen Schritt!<br><br>Im November 2019 wurde auf Initiative unserer Katja Wich eine W\u00e4hlergemeinschaft ins Leben gerufen.<br><br>Der Anlass war die klare Absicht, unseren B\u00fcrgermeister, der 2026 aus dem Amt geschieden ist, mit einer starken Liste zu unterst\u00fctzen und die Weichen f\u00fcr eine erfolgreiche Nachfolge zu stellen.<br><br>F\u00fcr diesen Start traten Die Menschen f\u00fcr Marktrodach mit einer Gemeinderatsliste von 16 engagierten Personen an und f\u00fchrten einen sehr motivierten Wahlkampf.<br><br>&#x1f5f3;&#xfe0f; R\u00fcckblick: Voller Erfolg 2020! &#x1f5f3;&#xfe0f;<br><br>Beim ersten Antritt erreichten wir eine Gesamtstimmenzahl von ca. 7200 Stimmen! Wir konnten drei Kandidaten in den Gemeinderat bringen und stellen seitdem mit Roland Pompe den Dritten B\u00fcrgermeister von Marktrodach!<br><br>&#x1f4e2; Der Blick auf 2026:<\/p>\n\n\n\n<p>Zeit f\u00fcr Wandel!<br>Bei der Kommunalwahl 2026 erreichten wir eine Gesamtstimmenzahl von 9045 Stimmen. Somit stellen wir mit 26,5% Stimmenanteil 4 Gemeinder\u00e4te und sind bereit, Verantwortung zu \u00fcbernehmen und unsere Gemeinde aktiv zu gestalten!<br><br>&#x1f91d; Machen Sie mit!<br><br>Um unsere Arbeit langfristig zu sichern, haben wir am 16. Februar 2023 den Verein Menschen f\u00fcr Marktrodach e.V. gegr\u00fcndet.<br>JEDERMANN kann Mitglied unseres Vereins werden!<\/p>\n\n\n\n<p>Mit verschiedenen Aktionen m\u00f6chte der Verein u.a. weitere kulturelle und soziale Veranstaltungen ins Leben rufen und damit die Marktrodacher Vereinswelt erg\u00e4nzen.<br><br>Der Jahresbeitrag betr\u00e4gt lediglich 12 Euro. Unterst\u00fctzt uns und gestaltet\u00a0 Marktrodach mit!<br><br>Unser engagiertes Vorstandsteam:<br><br>1.\u00a0 Vorsitzende: Katja Wich<br>2. Vorsitzender: Roland Pompe<br>Kassier: Bernd G\u00f6bel<br>Schriftf\u00fchrerin: Annalena Kestel<br><br>Danke an alle, die uns auf diesem Weg begleitet haben \u2013 wir freuen uns auf die Zukunft mit Euch!<br><br>Gemeinsam f\u00fcr Marktrodach \u2013 Volle Kraft voraus!<br><br>Herzlichst,<br>Eure Menschen f\u00fcr Marktrodach e.V. &#x1f49a;<\/p>\n\n\n\n<figure class=\"wp-block-image size-large\"><img loading=\"lazy\" decoding=\"async\" width=\"1024\" height=\"614\" src=\"http:\/\/menschenfuermarktrodach.de\/wp-content\/uploads\/2025\/12\/IMG-20251202-WA0001-1024x614.jpg\" alt=\"\" class=\"wp-image-182\" srcset=\"http:\/\/menschenfuermarktrodach.de\/wp-content\/uploads\/2025\/12\/IMG-20251202-WA0001-1024x614.jpg 1024w, http:\/\/menschenfuermarktrodach.de\/wp-content\/uploads\/2025\/12\/IMG-20251202-WA0001-300x180.jpg 300w, http:\/\/menschenfuermarktrodach.de\/wp-content\/uploads\/2025\/12\/IMG-20251202-WA0001-768x461.jpg 768w, http:\/\/menschenfuermarktrodach.de\/wp-content\/uploads\/2025\/12\/IMG-20251202-WA0001.jpg 1080w\" sizes=\"auto, (max-width: 1024px) 100vw, 1024px\" \/><\/figure>\n","protected":false},"excerpt":{"rendered":"<p>&#x1f31f; Wer sind eigentlich Die Menschen f\u00fcr Marktrodach? &#x1f31f; Diese Gemeinschaft wurde 2019 gegr\u00fcndet, um die Weichen f\u00fcr die Zukunft zu stellen \u2013 und nun gehen wir den n\u00e4chsten gro\u00dfen Schritt! Im November 2019 wurde auf Initiative unserer Katja Wich eine W\u00e4hlergemeinschaft ins Leben gerufen. Der Anlass war die klare Absicht, unseren B\u00fcrgermeister, der 2026 [&hellip;]<\/p>\n","protected":false},"author":1,"featured_media":0,"parent":0,"menu_order":0,"comment_status":"closed","ping_status":"closed","template":"","meta":{"_kadence_starter_templates_imported_post":false,"footnotes":""},"class_list":["post-47","page","type-page","status-publish","hentry"],"_links":{"self":[{"href":"http:\/\/menschenfuermarktrodach.de\/index.php?rest_route=\/wp\/v2\/pages\/47","targetHints":{"allow":["GET"]}}],"collection":[{"href":"http:\/\/menschenfuermarktrodach.de\/index.php?rest_route=\/wp\/v2\/pages"}],"about":[{"href":"http:\/\/menschenfuermarktrodach.de\/index.php?rest_route=\/wp\/v2\/types\/page"}],"author":[{"embeddable":true,"href":"http:\/\/menschenfuermarktrodach.de\/index.php?rest_route=\/wp\/v2\/users\/1"}],"replies":[{"embeddable":true,"href":"http:\/\/menschenfuermarktrodach.de\/index.php?rest_route=%2Fwp%2Fv2%2Fcomments&post=47"}],"version-history":[{"count":38,"href":"http:\/\/menschenfuermarktrodach.de\/index.php?rest_route=\/wp\/v2\/pages\/47\/revisions"}],"predecessor-version":[{"id":666,"href":"http:\/\/menschenfuermarktrodach.de\/index.php?rest_route=\/wp\/v2\/pages\/47\/revisions\/666"}],"wp:attachment":[{"href":"http:\/\/menschenfuermarktrodach.de\/index.php?rest_route=%2Fwp%2Fv2%2Fmedia&parent=47"}],"curies":[{"name":"wp","href":"https:\/\/api.w.org\/{rel}","templated":true}]}}