{"id":328,"date":"2026-01-20T18:19:06","date_gmt":"2026-01-20T17:19:06","guid":{"rendered":"https:\/\/menschenfuermarktrodach.de\/?page_id=328"},"modified":"2026-02-11T22:12:49","modified_gmt":"2026-02-11T21:12:49","slug":"katja-wich","status":"publish","type":"page","link":"https:\/\/menschenfuermarktrodach.de\/?page_id=328","title":{"rendered":"Katja Wich"},"content":{"rendered":"\n<figure class=\"wp-block-image size-large\"><img loading=\"lazy\" decoding=\"async\" width=\"819\" height=\"1024\" src=\"http:\/\/menschenfuermarktrodach.de\/wp-content\/uploads\/2023\/11\/01-Katja-819x1024.jpg\" alt=\"\" class=\"wp-image-306\" srcset=\"https:\/\/menschenfuermarktrodach.de\/wp-content\/uploads\/2023\/11\/01-Katja-819x1024.jpg 819w, https:\/\/menschenfuermarktrodach.de\/wp-content\/uploads\/2023\/11\/01-Katja-240x300.jpg 240w, https:\/\/menschenfuermarktrodach.de\/wp-content\/uploads\/2023\/11\/01-Katja-768x960.jpg 768w, https:\/\/menschenfuermarktrodach.de\/wp-content\/uploads\/2023\/11\/01-Katja.jpg 1080w\" sizes=\"auto, (max-width: 819px) 100vw, 819px\" \/><figcaption class=\"wp-element-caption\">Katja Wich Listenplatz 01<\/figcaption><\/figure>\n\n\n\n<p>*Wer die Zukunft gestalten will, muss das Fundament beherrschen.*<br><br>Ich bin 45 Jahre alt und seit \u00fcber 28 Jahren mit Herz und Leidenschaft beim Markt Marktrodach t\u00e4tig.&#x1fa77;<br><br>*Warum ich als Eure B\u00fcrgermeisterin antrete?*<br><br>&#x1f4bc; *Kompetenz f\u00fcr heute:* Als Verwaltungsfachwirtin und heutige Gesch\u00e4fts- und Bauamtsleiterin kenne ich die Projekte, die Strukturen und die Abl\u00e4ufe unserer Gemeinde wie kaum jemand sonst.<br><br>Ich wei\u00df, wie man Verwaltung effizient steuert und Visionen rechtssicher realisiert \u2013 das ist meine Kompetenz f\u00fcr heute. &#x1f4bc;<br><br>Doch F\u00fchrung bedeutet f\u00fcr mich weit mehr als Paragrafen:<br><br>*Es ist die Verantwortung f\u00fcr Menschen.*<br><br>&#x1f680; *Kraft f\u00fcr morgen:* Zus\u00e4tzlich zu meiner Amtsleitung durfte ich von 2020 bis 2025 als Leiterin des Personalwesens unsere rund 85 Mitarbeiterinnen und Mitarbeiter mit Herz und Verstand begleiten.<br><br>Diese Kombination aus lokaler Verwurzelung, Fachwissen und moderner Menschenf\u00fchrung m\u00f6chte ich als Eure B\u00fcrgermeisterin einbringen \u2013 das ist meine Kraft f\u00fcr morgen. &#x1f680;<br><br>*Mit einem starken Team an die Spitze*<br><br>Ich trete an, um Marktrodach mit Entschlossenheit in die Zukunft zu f\u00fchren.<br><br>Es erf\u00fcllt mich mit Stolz, unsere Gemeinderatsliste \u201eMenschen f\u00fcr Marktrodach\u201c als Spitzenkandidatin anzuf\u00fchren.<br><br>Gemeinsam mit diesem starken Team stehe ich f\u00fcr eine Politik, die zuh\u00f6rt, anpackt und verbindet. &#x1f91d;<br><br>Nach fast drei Jahrzehnten Einsatz f\u00fcr unsere Gemeinde ist es f\u00fcr mich der konsequente Schritt, diese Erfahrung nun an der Spitze des Rathauses einzusetzen.<br><br>&#x1f449;Ich bin bereit, als Eure B\u00fcrgermeisterin die volle Verantwortung zu \u00fcbernehmen und gemeinsam mit Euch neue Dynamik zu entfalten.<br><br>Es geht um das beste Ergebnis f\u00fcr unser Marktrodach. &#x2728;<br><br>Ich freue mich auf den Dialog mit Euch \u2013 lasst uns gemeinsam die Segel f\u00fcr eine erfolgreiche Zukunft setzen!<br><br>Eure Katja<\/p>\n\n\n\n<figure class=\"wp-block-image aligncenter size-full\"><img loading=\"lazy\" decoding=\"async\" width=\"512\" height=\"640\" src=\"http:\/\/menschenfuermarktrodach.de\/wp-content\/uploads\/2023\/11\/Katja-Werte-1.jpg\" alt=\"\" class=\"wp-image-523\" srcset=\"https:\/\/menschenfuermarktrodach.de\/wp-content\/uploads\/2023\/11\/Katja-Werte-1.jpg 512w, https:\/\/menschenfuermarktrodach.de\/wp-content\/uploads\/2023\/11\/Katja-Werte-1-240x300.jpg 240w\" sizes=\"auto, (max-width: 512px) 100vw, 512px\" \/><\/figure>\n\n\n\n<figure class=\"wp-block-image aligncenter size-full\"><img loading=\"lazy\" decoding=\"async\" width=\"512\" height=\"640\" src=\"http:\/\/menschenfuermarktrodach.de\/wp-content\/uploads\/2023\/11\/Katja-Werte-2.jpg\" alt=\"\" class=\"wp-image-524\" srcset=\"https:\/\/menschenfuermarktrodach.de\/wp-content\/uploads\/2023\/11\/Katja-Werte-2.jpg 512w, https:\/\/menschenfuermarktrodach.de\/wp-content\/uploads\/2023\/11\/Katja-Werte-2-240x300.jpg 240w\" sizes=\"auto, (max-width: 512px) 100vw, 512px\" \/><\/figure>\n\n\n\n<figure class=\"wp-block-image aligncenter size-full\"><img loading=\"lazy\" decoding=\"async\" width=\"512\" height=\"640\" src=\"http:\/\/menschenfuermarktrodach.de\/wp-content\/uploads\/2023\/11\/Katja-Werte-3.jpg\" alt=\"\" class=\"wp-image-525\" srcset=\"https:\/\/menschenfuermarktrodach.de\/wp-content\/uploads\/2023\/11\/Katja-Werte-3.jpg 512w, https:\/\/menschenfuermarktrodach.de\/wp-content\/uploads\/2023\/11\/Katja-Werte-3-240x300.jpg 240w\" sizes=\"auto, (max-width: 512px) 100vw, 512px\" \/><\/figure>\n","protected":false},"excerpt":{"rendered":"<p>*Wer die Zukunft gestalten will, muss das Fundament beherrschen.* Ich bin 45 Jahre alt und seit \u00fcber 28 Jahren mit Herz und Leidenschaft beim Markt Marktrodach t\u00e4tig.&#x1fa77; *Warum ich als Eure B\u00fcrgermeisterin antrete?* &#x1f4bc; *Kompetenz f\u00fcr heute:* Als Verwaltungsfachwirtin und heutige Gesch\u00e4fts- und Bauamtsleiterin kenne ich die Projekte, die Strukturen und die Abl\u00e4ufe unserer Gemeinde [&hellip;]<\/p>\n","protected":false},"author":1,"featured_media":0,"parent":0,"menu_order":0,"comment_status":"closed","ping_status":"closed","template":"","meta":{"_kadence_starter_templates_imported_post":false,"footnotes":""},"class_list":["post-328","page","type-page","status-publish","hentry"],"_links":{"self":[{"href":"https:\/\/menschenfuermarktrodach.de\/index.php?rest_route=\/wp\/v2\/pages\/328","targetHints":{"allow":["GET"]}}],"collection":[{"href":"https:\/\/menschenfuermarktrodach.de\/index.php?rest_route=\/wp\/v2\/pages"}],"about":[{"href":"https:\/\/menschenfuermarktrodach.de\/index.php?rest_route=\/wp\/v2\/types\/page"}],"author":[{"embeddable":true,"href":"https:\/\/menschenfuermarktrodach.de\/index.php?rest_route=\/wp\/v2\/users\/1"}],"replies":[{"embeddable":true,"href":"https:\/\/menschenfuermarktrodach.de\/index.php?rest_route=%2Fwp%2Fv2%2Fcomments&post=328"}],"version-history":[{"count":4,"href":"https:\/\/menschenfuermarktrodach.de\/index.php?rest_route=\/wp\/v2\/pages\/328\/revisions"}],"predecessor-version":[{"id":528,"href":"https:\/\/menschenfuermarktrodach.de\/index.php?rest_route=\/wp\/v2\/pages\/328\/revisions\/528"}],"wp:attachment":[{"href":"https:\/\/menschenfuermarktrodach.de\/index.php?rest_route=%2Fwp%2Fv2%2Fmedia&parent=328"}],"curies":[{"name":"wp","href":"https:\/\/api.w.org\/{rel}","templated":true}]}}