{"id":331,"date":"2026-01-20T18:19:17","date_gmt":"2026-01-20T17:19:17","guid":{"rendered":"https:\/\/menschenfuermarktrodach.de\/?page_id=331"},"modified":"2026-03-01T14:26:16","modified_gmt":"2026-03-01T13:26:16","slug":"roland-pompe","status":"publish","type":"page","link":"https:\/\/menschenfuermarktrodach.de\/?page_id=331","title":{"rendered":"Roland Pompe"},"content":{"rendered":"\n<p>Unser Mann auf Platz 2: Roland Pompe! &#x1f464;&#x2728;<br><br>\u200bHeute im Rampenlicht steht unser 3. B\u00fcrgermeister und 2. Vorsitzender von Menschen f\u00fcr Marktrodach e.V.. &#x1f91d;<br><br>\u200bRoland ist ein Macher, der nicht nur als 3. B\u00fcrgermeister die Weichen stellt, sondern auch im Verein an vorderster Front mit anpackt.<br><br>F\u00fcr ihn geh\u00f6rt beides zusammen: Kommunalpolitik mit Weitblick und ehrenamtliches Engagement mit Herz. &#x2764;&#xfe0f;&#x1f3e0;<\/p>\n\n\n\n<figure class=\"wp-block-image size-large\"><img loading=\"lazy\" decoding=\"async\" width=\"819\" height=\"1024\" src=\"http:\/\/menschenfuermarktrodach.de\/wp-content\/uploads\/2026\/01\/Roland-1-819x1024.jpg\" alt=\"\" class=\"wp-image-322\" srcset=\"https:\/\/menschenfuermarktrodach.de\/wp-content\/uploads\/2026\/01\/Roland-1-819x1024.jpg 819w, https:\/\/menschenfuermarktrodach.de\/wp-content\/uploads\/2026\/01\/Roland-1-240x300.jpg 240w, https:\/\/menschenfuermarktrodach.de\/wp-content\/uploads\/2026\/01\/Roland-1-768x960.jpg 768w, https:\/\/menschenfuermarktrodach.de\/wp-content\/uploads\/2026\/01\/Roland-1.jpg 1080w\" sizes=\"auto, (max-width: 819px) 100vw, 819px\" \/><\/figure>\n\n\n\n<figure class=\"wp-block-image size-large\"><img loading=\"lazy\" decoding=\"async\" width=\"819\" height=\"1024\" src=\"http:\/\/menschenfuermarktrodach.de\/wp-content\/uploads\/2026\/01\/Roland-3-819x1024.jpg\" alt=\"\" class=\"wp-image-324\" srcset=\"https:\/\/menschenfuermarktrodach.de\/wp-content\/uploads\/2026\/01\/Roland-3-819x1024.jpg 819w, https:\/\/menschenfuermarktrodach.de\/wp-content\/uploads\/2026\/01\/Roland-3-240x300.jpg 240w, https:\/\/menschenfuermarktrodach.de\/wp-content\/uploads\/2026\/01\/Roland-3-768x960.jpg 768w, https:\/\/menschenfuermarktrodach.de\/wp-content\/uploads\/2026\/01\/Roland-3.jpg 1080w\" sizes=\"auto, (max-width: 819px) 100vw, 819px\" \/><\/figure>\n\n\n\n<figure class=\"wp-block-image size-large\"><img loading=\"lazy\" decoding=\"async\" width=\"819\" height=\"1024\" src=\"http:\/\/menschenfuermarktrodach.de\/wp-content\/uploads\/2026\/01\/Roland-2-819x1024.jpg\" alt=\"\" class=\"wp-image-323\" srcset=\"https:\/\/menschenfuermarktrodach.de\/wp-content\/uploads\/2026\/01\/Roland-2-819x1024.jpg 819w, https:\/\/menschenfuermarktrodach.de\/wp-content\/uploads\/2026\/01\/Roland-2-240x300.jpg 240w, https:\/\/menschenfuermarktrodach.de\/wp-content\/uploads\/2026\/01\/Roland-2-768x960.jpg 768w, https:\/\/menschenfuermarktrodach.de\/wp-content\/uploads\/2026\/01\/Roland-2.jpg 1080w\" sizes=\"auto, (max-width: 819px) 100vw, 819px\" \/><\/figure>\n\n\n\n<figure class=\"wp-block-embed is-type-video is-provider-youtube wp-block-embed-youtube wp-embed-aspect-16-9 wp-has-aspect-ratio\"><div class=\"wp-block-embed__wrapper\">\n<iframe loading=\"lazy\" title=\"3. B\u00fcrgermeister Roland Pompe u\u0308ber sich und Katja Wich\" width=\"500\" height=\"281\" src=\"https:\/\/www.youtube.com\/embed\/9ne3LTmSWMs?feature=oembed\" frameborder=\"0\" allow=\"accelerometer; autoplay; clipboard-write; encrypted-media; gyroscope; picture-in-picture; web-share\" referrerpolicy=\"strict-origin-when-cross-origin\" allowfullscreen><\/iframe>\n<\/div><\/figure>\n","protected":false},"excerpt":{"rendered":"<p>Unser Mann auf Platz 2: Roland Pompe! &#x1f464;&#x2728; \u200bHeute im Rampenlicht steht unser 3. B\u00fcrgermeister und 2. Vorsitzender von Menschen f\u00fcr Marktrodach e.V.. &#x1f91d; \u200bRoland ist ein Macher, der nicht nur als 3. B\u00fcrgermeister die Weichen stellt, sondern auch im Verein an vorderster Front mit anpackt. F\u00fcr ihn geh\u00f6rt beides zusammen: Kommunalpolitik mit Weitblick und [&hellip;]<\/p>\n","protected":false},"author":1,"featured_media":0,"parent":0,"menu_order":0,"comment_status":"closed","ping_status":"closed","template":"","meta":{"_kadence_starter_templates_imported_post":false,"footnotes":""},"class_list":["post-331","page","type-page","status-publish","hentry"],"_links":{"self":[{"href":"https:\/\/menschenfuermarktrodach.de\/index.php?rest_route=\/wp\/v2\/pages\/331","targetHints":{"allow":["GET"]}}],"collection":[{"href":"https:\/\/menschenfuermarktrodach.de\/index.php?rest_route=\/wp\/v2\/pages"}],"about":[{"href":"https:\/\/menschenfuermarktrodach.de\/index.php?rest_route=\/wp\/v2\/types\/page"}],"author":[{"embeddable":true,"href":"https:\/\/menschenfuermarktrodach.de\/index.php?rest_route=\/wp\/v2\/users\/1"}],"replies":[{"embeddable":true,"href":"https:\/\/menschenfuermarktrodach.de\/index.php?rest_route=%2Fwp%2Fv2%2Fcomments&post=331"}],"version-history":[{"count":2,"href":"https:\/\/menschenfuermarktrodach.de\/index.php?rest_route=\/wp\/v2\/pages\/331\/revisions"}],"predecessor-version":[{"id":590,"href":"https:\/\/menschenfuermarktrodach.de\/index.php?rest_route=\/wp\/v2\/pages\/331\/revisions\/590"}],"wp:attachment":[{"href":"https:\/\/menschenfuermarktrodach.de\/index.php?rest_route=%2Fwp%2Fv2%2Fmedia&parent=331"}],"curies":[{"name":"wp","href":"https:\/\/api.w.org\/{rel}","templated":true}]}}