{"id":352,"date":"2026-01-20T18:19:27","date_gmt":"2026-01-20T17:19:27","guid":{"rendered":"https:\/\/menschenfuermarktrodach.de\/?page_id=352"},"modified":"2026-02-09T18:44:37","modified_gmt":"2026-02-09T17:44:37","slug":"sabine-roth","status":"publish","type":"page","link":"https:\/\/menschenfuermarktrodach.de\/?page_id=352","title":{"rendered":"Sabine Roth"},"content":{"rendered":"\n<h1 class=\"wp-block-heading\"><strong>Mit Herz &amp; klarer Kante f\u00fcr Marktrodach:<br>Sabine Roth! &#x2764;&#xfe0f;&#x1f5e3;&#xfe0f;<br><br>\u200bD\u00fcrfen wir vorstellen? Unsere Kandidatin Sabine Roth (38) m\u00f6chte in den Marktgemeinderat.<br><br>Die kaufm\u00e4nnische Angestellte im Biohandel steht f\u00fcr eine ehrliche Politik nah an den Menschen.<\/strong><\/h1>\n\n\n\n<figure class=\"wp-block-image size-large\"><img loading=\"lazy\" decoding=\"async\" width=\"819\" height=\"1024\" src=\"http:\/\/menschenfuermarktrodach.de\/wp-content\/uploads\/2026\/01\/Sabine-1-819x1024.jpg\" alt=\"\" class=\"wp-image-347\" srcset=\"https:\/\/menschenfuermarktrodach.de\/wp-content\/uploads\/2026\/01\/Sabine-1-819x1024.jpg 819w, https:\/\/menschenfuermarktrodach.de\/wp-content\/uploads\/2026\/01\/Sabine-1-240x300.jpg 240w, https:\/\/menschenfuermarktrodach.de\/wp-content\/uploads\/2026\/01\/Sabine-1-768x960.jpg 768w, https:\/\/menschenfuermarktrodach.de\/wp-content\/uploads\/2026\/01\/Sabine-1.jpg 1080w\" sizes=\"auto, (max-width: 819px) 100vw, 819px\" \/><\/figure>\n\n\n\n<figure class=\"wp-block-image size-large\"><img loading=\"lazy\" decoding=\"async\" width=\"819\" height=\"1024\" src=\"http:\/\/menschenfuermarktrodach.de\/wp-content\/uploads\/2026\/01\/Sabine-2-819x1024.jpg\" alt=\"\" class=\"wp-image-348\" srcset=\"https:\/\/menschenfuermarktrodach.de\/wp-content\/uploads\/2026\/01\/Sabine-2-819x1024.jpg 819w, https:\/\/menschenfuermarktrodach.de\/wp-content\/uploads\/2026\/01\/Sabine-2-240x300.jpg 240w, https:\/\/menschenfuermarktrodach.de\/wp-content\/uploads\/2026\/01\/Sabine-2-768x960.jpg 768w, https:\/\/menschenfuermarktrodach.de\/wp-content\/uploads\/2026\/01\/Sabine-2.jpg 1080w\" sizes=\"auto, (max-width: 819px) 100vw, 819px\" \/><\/figure>\n\n\n\n<figure class=\"wp-block-image size-large\"><img loading=\"lazy\" decoding=\"async\" width=\"819\" height=\"1024\" src=\"http:\/\/menschenfuermarktrodach.de\/wp-content\/uploads\/2026\/01\/Sabine-3-819x1024.jpg\" alt=\"\" class=\"wp-image-349\" srcset=\"https:\/\/menschenfuermarktrodach.de\/wp-content\/uploads\/2026\/01\/Sabine-3-819x1024.jpg 819w, https:\/\/menschenfuermarktrodach.de\/wp-content\/uploads\/2026\/01\/Sabine-3-240x300.jpg 240w, https:\/\/menschenfuermarktrodach.de\/wp-content\/uploads\/2026\/01\/Sabine-3-768x960.jpg 768w, https:\/\/menschenfuermarktrodach.de\/wp-content\/uploads\/2026\/01\/Sabine-3.jpg 1080w\" sizes=\"auto, (max-width: 819px) 100vw, 819px\" \/><\/figure>\n\n\n\n<figure class=\"wp-block-embed is-type-video is-provider-youtube wp-block-embed-youtube wp-embed-aspect-16-9 wp-has-aspect-ratio\"><div class=\"wp-block-embed__wrapper\">\n<iframe loading=\"lazy\" title=\"Sabine Roth - Menschen hinter Menschen f\u00fcr Marktrodach\" width=\"500\" height=\"281\" src=\"https:\/\/www.youtube.com\/embed\/n8HQgEHMoOI?feature=oembed\" frameborder=\"0\" allow=\"accelerometer; autoplay; clipboard-write; encrypted-media; gyroscope; picture-in-picture; web-share\" referrerpolicy=\"strict-origin-when-cross-origin\" allowfullscreen><\/iframe>\n<\/div><\/figure>\n","protected":false},"excerpt":{"rendered":"<p>Mit Herz &amp; klarer Kante f\u00fcr Marktrodach:Sabine Roth! &#x2764;&#xfe0f;&#x1f5e3;&#xfe0f; \u200bD\u00fcrfen wir vorstellen? Unsere Kandidatin Sabine Roth (38) m\u00f6chte in den Marktgemeinderat. Die kaufm\u00e4nnische Angestellte im Biohandel steht f\u00fcr eine ehrliche Politik nah an den Menschen.<\/p>\n","protected":false},"author":1,"featured_media":0,"parent":304,"menu_order":0,"comment_status":"closed","ping_status":"closed","template":"","meta":{"_kadence_starter_templates_imported_post":false,"footnotes":""},"class_list":["post-352","page","type-page","status-publish","hentry"],"_links":{"self":[{"href":"https:\/\/menschenfuermarktrodach.de\/index.php?rest_route=\/wp\/v2\/pages\/352","targetHints":{"allow":["GET"]}}],"collection":[{"href":"https:\/\/menschenfuermarktrodach.de\/index.php?rest_route=\/wp\/v2\/pages"}],"about":[{"href":"https:\/\/menschenfuermarktrodach.de\/index.php?rest_route=\/wp\/v2\/types\/page"}],"author":[{"embeddable":true,"href":"https:\/\/menschenfuermarktrodach.de\/index.php?rest_route=\/wp\/v2\/users\/1"}],"replies":[{"embeddable":true,"href":"https:\/\/menschenfuermarktrodach.de\/index.php?rest_route=%2Fwp%2Fv2%2Fcomments&post=352"}],"version-history":[{"count":3,"href":"https:\/\/menschenfuermarktrodach.de\/index.php?rest_route=\/wp\/v2\/pages\/352\/revisions"}],"predecessor-version":[{"id":516,"href":"https:\/\/menschenfuermarktrodach.de\/index.php?rest_route=\/wp\/v2\/pages\/352\/revisions\/516"}],"up":[{"embeddable":true,"href":"https:\/\/menschenfuermarktrodach.de\/index.php?rest_route=\/wp\/v2\/pages\/304"}],"wp:attachment":[{"href":"https:\/\/menschenfuermarktrodach.de\/index.php?rest_route=%2Fwp%2Fv2%2Fmedia&parent=352"}],"curies":[{"name":"wp","href":"https:\/\/api.w.org\/{rel}","templated":true}]}}