{"id":361,"date":"2026-01-20T18:18:54","date_gmt":"2026-01-20T17:18:54","guid":{"rendered":"https:\/\/menschenfuermarktrodach.de\/?page_id=361"},"modified":"2026-02-28T13:49:25","modified_gmt":"2026-02-28T12:49:25","slug":"jochen-loeffler","status":"publish","type":"page","link":"https:\/\/menschenfuermarktrodach.de\/?page_id=361","title":{"rendered":"Jochen L\u00f6ffler"},"content":{"rendered":"\n<h1 class=\"wp-block-heading\"><strong>60 Jahre Erfahrung f\u00fcr unsere Marktgemeinde!<br><br>&#x1f6e0;&#xfe0f; Jochen L\u00f6ffler steht f\u00fcr echte fachliche Kompetenz in Infrastruktur und Entwicklung.<br><br>Vom Bauingenieur zum Gemeinderatskandidaten \u2013 mit Weitblick und Sachverstand f\u00fcr Marktrodach.<\/strong><\/h1>\n\n\n\n<figure class=\"wp-block-image size-large\"><img loading=\"lazy\" decoding=\"async\" width=\"819\" height=\"1024\" src=\"http:\/\/menschenfuermarktrodach.de\/wp-content\/uploads\/2023\/11\/Jochen-1-819x1024.jpg\" alt=\"\" class=\"wp-image-356\" srcset=\"https:\/\/menschenfuermarktrodach.de\/wp-content\/uploads\/2023\/11\/Jochen-1-819x1024.jpg 819w, https:\/\/menschenfuermarktrodach.de\/wp-content\/uploads\/2023\/11\/Jochen-1-240x300.jpg 240w, https:\/\/menschenfuermarktrodach.de\/wp-content\/uploads\/2023\/11\/Jochen-1-768x960.jpg 768w, https:\/\/menschenfuermarktrodach.de\/wp-content\/uploads\/2023\/11\/Jochen-1.jpg 1080w\" sizes=\"auto, (max-width: 819px) 100vw, 819px\" \/><\/figure>\n\n\n\n<figure class=\"wp-block-image size-large\"><img loading=\"lazy\" decoding=\"async\" width=\"819\" height=\"1024\" src=\"http:\/\/menschenfuermarktrodach.de\/wp-content\/uploads\/2023\/11\/Jochen-2-819x1024.jpg\" alt=\"\" class=\"wp-image-357\" srcset=\"https:\/\/menschenfuermarktrodach.de\/wp-content\/uploads\/2023\/11\/Jochen-2-819x1024.jpg 819w, https:\/\/menschenfuermarktrodach.de\/wp-content\/uploads\/2023\/11\/Jochen-2-240x300.jpg 240w, https:\/\/menschenfuermarktrodach.de\/wp-content\/uploads\/2023\/11\/Jochen-2-768x960.jpg 768w, https:\/\/menschenfuermarktrodach.de\/wp-content\/uploads\/2023\/11\/Jochen-2.jpg 1080w\" sizes=\"auto, (max-width: 819px) 100vw, 819px\" \/><\/figure>\n\n\n\n<figure class=\"wp-block-image size-large\"><img loading=\"lazy\" decoding=\"async\" width=\"819\" height=\"1024\" src=\"http:\/\/menschenfuermarktrodach.de\/wp-content\/uploads\/2023\/11\/Jochen-3-819x1024.jpg\" alt=\"\" class=\"wp-image-358\" srcset=\"https:\/\/menschenfuermarktrodach.de\/wp-content\/uploads\/2023\/11\/Jochen-3-819x1024.jpg 819w, https:\/\/menschenfuermarktrodach.de\/wp-content\/uploads\/2023\/11\/Jochen-3-240x300.jpg 240w, https:\/\/menschenfuermarktrodach.de\/wp-content\/uploads\/2023\/11\/Jochen-3-768x960.jpg 768w, https:\/\/menschenfuermarktrodach.de\/wp-content\/uploads\/2023\/11\/Jochen-3.jpg 1080w\" sizes=\"auto, (max-width: 819px) 100vw, 819px\" \/><\/figure>\n","protected":false},"excerpt":{"rendered":"<p>60 Jahre Erfahrung f\u00fcr unsere Marktgemeinde! &#x1f6e0;&#xfe0f; Jochen L\u00f6ffler steht f\u00fcr echte fachliche Kompetenz in Infrastruktur und Entwicklung. Vom Bauingenieur zum Gemeinderatskandidaten \u2013 mit Weitblick und Sachverstand f\u00fcr Marktrodach.<\/p>\n","protected":false},"author":1,"featured_media":0,"parent":304,"menu_order":0,"comment_status":"closed","ping_status":"closed","template":"","meta":{"_kadence_starter_templates_imported_post":false,"footnotes":""},"class_list":["post-361","page","type-page","status-publish","hentry"],"_links":{"self":[{"href":"https:\/\/menschenfuermarktrodach.de\/index.php?rest_route=\/wp\/v2\/pages\/361","targetHints":{"allow":["GET"]}}],"collection":[{"href":"https:\/\/menschenfuermarktrodach.de\/index.php?rest_route=\/wp\/v2\/pages"}],"about":[{"href":"https:\/\/menschenfuermarktrodach.de\/index.php?rest_route=\/wp\/v2\/types\/page"}],"author":[{"embeddable":true,"href":"https:\/\/menschenfuermarktrodach.de\/index.php?rest_route=\/wp\/v2\/users\/1"}],"replies":[{"embeddable":true,"href":"https:\/\/menschenfuermarktrodach.de\/index.php?rest_route=%2Fwp%2Fv2%2Fcomments&post=361"}],"version-history":[{"count":3,"href":"https:\/\/menschenfuermarktrodach.de\/index.php?rest_route=\/wp\/v2\/pages\/361\/revisions"}],"predecessor-version":[{"id":588,"href":"https:\/\/menschenfuermarktrodach.de\/index.php?rest_route=\/wp\/v2\/pages\/361\/revisions\/588"}],"up":[{"embeddable":true,"href":"https:\/\/menschenfuermarktrodach.de\/index.php?rest_route=\/wp\/v2\/pages\/304"}],"wp:attachment":[{"href":"https:\/\/menschenfuermarktrodach.de\/index.php?rest_route=%2Fwp%2Fv2%2Fmedia&parent=361"}],"curies":[{"name":"wp","href":"https:\/\/api.w.org\/{rel}","templated":true}]}}