{"id":400,"date":"2026-01-21T18:02:44","date_gmt":"2026-01-21T17:02:44","guid":{"rendered":"https:\/\/menschenfuermarktrodach.de\/?page_id=400"},"modified":"2026-01-21T18:34:45","modified_gmt":"2026-01-21T17:34:45","slug":"bernd-goebel","status":"publish","type":"page","link":"https:\/\/menschenfuermarktrodach.de\/?page_id=400","title":{"rendered":"Bernd G\u00f6bel"},"content":{"rendered":"\n<h1 class=\"wp-block-heading\"><strong>Ruhig im Ton &#8211; klar in der Sache. Heute stellen wir euch Bernd vor!<br><br>Als Projekttechniker mit handwerklichem Hintergrund wei\u00df er, was in der Praxis funktioniert \u2013 und was nicht.<br><br>Sein Ziel:<br>Marktrodach modern, lebenswert und zukunftsf\u00e4hig machen, ohne dabei die n\u00f6tige Bodenhaftung und den \u00dcberblick \u00fcber die Finanzen zu verlieren.<\/strong><\/h1>\n\n\n\n<figure class=\"wp-block-image size-large\"><img loading=\"lazy\" decoding=\"async\" width=\"819\" height=\"1024\" src=\"http:\/\/menschenfuermarktrodach.de\/wp-content\/uploads\/2023\/11\/Bernd-1-819x1024.jpg\" alt=\"\" class=\"wp-image-396\" srcset=\"https:\/\/menschenfuermarktrodach.de\/wp-content\/uploads\/2023\/11\/Bernd-1-819x1024.jpg 819w, https:\/\/menschenfuermarktrodach.de\/wp-content\/uploads\/2023\/11\/Bernd-1-240x300.jpg 240w, https:\/\/menschenfuermarktrodach.de\/wp-content\/uploads\/2023\/11\/Bernd-1-768x960.jpg 768w, https:\/\/menschenfuermarktrodach.de\/wp-content\/uploads\/2023\/11\/Bernd-1.jpg 1080w\" sizes=\"auto, (max-width: 819px) 100vw, 819px\" \/><\/figure>\n\n\n\n<figure class=\"wp-block-image size-large\"><img loading=\"lazy\" decoding=\"async\" width=\"819\" height=\"1024\" src=\"http:\/\/menschenfuermarktrodach.de\/wp-content\/uploads\/2023\/11\/Bernd-2-819x1024.jpg\" alt=\"\" class=\"wp-image-397\" srcset=\"https:\/\/menschenfuermarktrodach.de\/wp-content\/uploads\/2023\/11\/Bernd-2-819x1024.jpg 819w, https:\/\/menschenfuermarktrodach.de\/wp-content\/uploads\/2023\/11\/Bernd-2-240x300.jpg 240w, https:\/\/menschenfuermarktrodach.de\/wp-content\/uploads\/2023\/11\/Bernd-2-768x960.jpg 768w, https:\/\/menschenfuermarktrodach.de\/wp-content\/uploads\/2023\/11\/Bernd-2.jpg 1080w\" sizes=\"auto, (max-width: 819px) 100vw, 819px\" \/><\/figure>\n\n\n\n<figure class=\"wp-block-image size-large\"><img loading=\"lazy\" decoding=\"async\" width=\"819\" height=\"1024\" src=\"http:\/\/menschenfuermarktrodach.de\/wp-content\/uploads\/2023\/11\/bernd-3-819x1024.jpg\" alt=\"\" class=\"wp-image-398\" srcset=\"https:\/\/menschenfuermarktrodach.de\/wp-content\/uploads\/2023\/11\/bernd-3-819x1024.jpg 819w, https:\/\/menschenfuermarktrodach.de\/wp-content\/uploads\/2023\/11\/bernd-3-240x300.jpg 240w, https:\/\/menschenfuermarktrodach.de\/wp-content\/uploads\/2023\/11\/bernd-3-768x960.jpg 768w, https:\/\/menschenfuermarktrodach.de\/wp-content\/uploads\/2023\/11\/bernd-3.jpg 1080w\" sizes=\"auto, (max-width: 819px) 100vw, 819px\" \/><\/figure>\n","protected":false},"excerpt":{"rendered":"<p>Ruhig im Ton &#8211; klar in der Sache. Heute stellen wir euch Bernd vor! Als Projekttechniker mit handwerklichem Hintergrund wei\u00df er, was in der Praxis funktioniert \u2013 und was nicht. Sein Ziel:Marktrodach modern, lebenswert und zukunftsf\u00e4hig machen, ohne dabei die n\u00f6tige Bodenhaftung und den \u00dcberblick \u00fcber die Finanzen zu verlieren.<\/p>\n","protected":false},"author":1,"featured_media":0,"parent":304,"menu_order":0,"comment_status":"closed","ping_status":"closed","template":"","meta":{"_kadence_starter_templates_imported_post":false,"footnotes":""},"class_list":["post-400","page","type-page","status-publish","hentry"],"_links":{"self":[{"href":"https:\/\/menschenfuermarktrodach.de\/index.php?rest_route=\/wp\/v2\/pages\/400","targetHints":{"allow":["GET"]}}],"collection":[{"href":"https:\/\/menschenfuermarktrodach.de\/index.php?rest_route=\/wp\/v2\/pages"}],"about":[{"href":"https:\/\/menschenfuermarktrodach.de\/index.php?rest_route=\/wp\/v2\/types\/page"}],"author":[{"embeddable":true,"href":"https:\/\/menschenfuermarktrodach.de\/index.php?rest_route=\/wp\/v2\/users\/1"}],"replies":[{"embeddable":true,"href":"https:\/\/menschenfuermarktrodach.de\/index.php?rest_route=%2Fwp%2Fv2%2Fcomments&post=400"}],"version-history":[{"count":3,"href":"https:\/\/menschenfuermarktrodach.de\/index.php?rest_route=\/wp\/v2\/pages\/400\/revisions"}],"predecessor-version":[{"id":405,"href":"https:\/\/menschenfuermarktrodach.de\/index.php?rest_route=\/wp\/v2\/pages\/400\/revisions\/405"}],"up":[{"embeddable":true,"href":"https:\/\/menschenfuermarktrodach.de\/index.php?rest_route=\/wp\/v2\/pages\/304"}],"wp:attachment":[{"href":"https:\/\/menschenfuermarktrodach.de\/index.php?rest_route=%2Fwp%2Fv2%2Fmedia&parent=400"}],"curies":[{"name":"wp","href":"https:\/\/api.w.org\/{rel}","templated":true}]}}