{"id":413,"date":"2026-01-21T19:19:10","date_gmt":"2026-01-21T18:19:10","guid":{"rendered":"https:\/\/menschenfuermarktrodach.de\/?page_id=413"},"modified":"2026-01-21T19:19:10","modified_gmt":"2026-01-21T18:19:10","slug":"sebastian-boehm","status":"publish","type":"page","link":"https:\/\/menschenfuermarktrodach.de\/?page_id=413","title":{"rendered":"Sebastian B\u00f6hm"},"content":{"rendered":"\n<p>Immer nah dran &#8211; Sebastian stellt sich vor!<\/p>\n\n\n\n<p>Als Schornsteinfeger mit t\u00e4glichem Kontakt zu den Menschen im Gemeindegebiet wei\u00df er, wo konkrete L\u00f6sungen gefragt sind. <img loading=\"lazy\" decoding=\"async\" height=\"16\" width=\"16\" alt=\"&#x1f3e1;\" src=\"https:\/\/static.xx.fbcdn.net\/images\/emoji.php\/v9\/t77\/1\/16\/1f3e1.png\"><img loading=\"lazy\" decoding=\"async\" height=\"16\" width=\"16\" alt=\"&#x1f340;\" src=\"https:\/\/static.xx.fbcdn.net\/images\/emoji.php\/v9\/t87\/1\/16\/1f340.png\"><\/p>\n\n\n\n<p>Mit seinem Fachwissen in Energiefragen verfolgt er das Ziel, Marktrodach bodenst\u00e4ndig, gut versorgt und zukunftsf\u00e4hig weiterzuentwickeln.<\/p>\n\n\n\n<figure class=\"wp-block-image size-large\"><img loading=\"lazy\" decoding=\"async\" width=\"819\" height=\"1024\" src=\"https:\/\/menschenfuermarktrodach.de\/wp-content\/uploads\/2026\/01\/Sebastian-1-819x1024.jpg\" alt=\"\" class=\"wp-image-414\" srcset=\"https:\/\/menschenfuermarktrodach.de\/wp-content\/uploads\/2026\/01\/Sebastian-1-819x1024.jpg 819w, https:\/\/menschenfuermarktrodach.de\/wp-content\/uploads\/2026\/01\/Sebastian-1-240x300.jpg 240w, https:\/\/menschenfuermarktrodach.de\/wp-content\/uploads\/2026\/01\/Sebastian-1-768x960.jpg 768w, https:\/\/menschenfuermarktrodach.de\/wp-content\/uploads\/2026\/01\/Sebastian-1.jpg 1080w\" sizes=\"auto, (max-width: 819px) 100vw, 819px\" \/><\/figure>\n\n\n\n<figure class=\"wp-block-image size-large\"><img loading=\"lazy\" decoding=\"async\" width=\"819\" height=\"1024\" src=\"http:\/\/menschenfuermarktrodach.de\/wp-content\/uploads\/2026\/01\/Sebastian-2-819x1024.jpg\" alt=\"\" class=\"wp-image-416\" srcset=\"https:\/\/menschenfuermarktrodach.de\/wp-content\/uploads\/2026\/01\/Sebastian-2-819x1024.jpg 819w, https:\/\/menschenfuermarktrodach.de\/wp-content\/uploads\/2026\/01\/Sebastian-2-240x300.jpg 240w, https:\/\/menschenfuermarktrodach.de\/wp-content\/uploads\/2026\/01\/Sebastian-2-768x960.jpg 768w, https:\/\/menschenfuermarktrodach.de\/wp-content\/uploads\/2026\/01\/Sebastian-2.jpg 1080w\" sizes=\"auto, (max-width: 819px) 100vw, 819px\" \/><\/figure>\n\n\n\n<figure class=\"wp-block-image size-large\"><img loading=\"lazy\" decoding=\"async\" width=\"819\" height=\"1024\" src=\"http:\/\/menschenfuermarktrodach.de\/wp-content\/uploads\/2026\/01\/Sebastian-3-819x1024.jpg\" alt=\"\" class=\"wp-image-417\" srcset=\"https:\/\/menschenfuermarktrodach.de\/wp-content\/uploads\/2026\/01\/Sebastian-3-819x1024.jpg 819w, https:\/\/menschenfuermarktrodach.de\/wp-content\/uploads\/2026\/01\/Sebastian-3-240x300.jpg 240w, https:\/\/menschenfuermarktrodach.de\/wp-content\/uploads\/2026\/01\/Sebastian-3-768x960.jpg 768w, https:\/\/menschenfuermarktrodach.de\/wp-content\/uploads\/2026\/01\/Sebastian-3.jpg 1080w\" sizes=\"auto, (max-width: 819px) 100vw, 819px\" \/><\/figure>\n","protected":false},"excerpt":{"rendered":"<p>Immer nah dran &#8211; Sebastian stellt sich vor! Als Schornsteinfeger mit t\u00e4glichem Kontakt zu den Menschen im Gemeindegebiet wei\u00df er, wo konkrete L\u00f6sungen gefragt sind. Mit seinem Fachwissen in Energiefragen verfolgt er das Ziel, Marktrodach bodenst\u00e4ndig, gut versorgt und zukunftsf\u00e4hig weiterzuentwickeln.<\/p>\n","protected":false},"author":1,"featured_media":0,"parent":304,"menu_order":0,"comment_status":"closed","ping_status":"closed","template":"","meta":{"_kadence_starter_templates_imported_post":false,"footnotes":""},"class_list":["post-413","page","type-page","status-publish","hentry"],"_links":{"self":[{"href":"https:\/\/menschenfuermarktrodach.de\/index.php?rest_route=\/wp\/v2\/pages\/413","targetHints":{"allow":["GET"]}}],"collection":[{"href":"https:\/\/menschenfuermarktrodach.de\/index.php?rest_route=\/wp\/v2\/pages"}],"about":[{"href":"https:\/\/menschenfuermarktrodach.de\/index.php?rest_route=\/wp\/v2\/types\/page"}],"author":[{"embeddable":true,"href":"https:\/\/menschenfuermarktrodach.de\/index.php?rest_route=\/wp\/v2\/users\/1"}],"replies":[{"embeddable":true,"href":"https:\/\/menschenfuermarktrodach.de\/index.php?rest_route=%2Fwp%2Fv2%2Fcomments&post=413"}],"version-history":[{"count":1,"href":"https:\/\/menschenfuermarktrodach.de\/index.php?rest_route=\/wp\/v2\/pages\/413\/revisions"}],"predecessor-version":[{"id":418,"href":"https:\/\/menschenfuermarktrodach.de\/index.php?rest_route=\/wp\/v2\/pages\/413\/revisions\/418"}],"up":[{"embeddable":true,"href":"https:\/\/menschenfuermarktrodach.de\/index.php?rest_route=\/wp\/v2\/pages\/304"}],"wp:attachment":[{"href":"https:\/\/menschenfuermarktrodach.de\/index.php?rest_route=%2Fwp%2Fv2%2Fmedia&parent=413"}],"curies":[{"name":"wp","href":"https:\/\/api.w.org\/{rel}","templated":true}]}}