{"id":426,"date":"2026-01-23T16:40:05","date_gmt":"2026-01-23T15:40:05","guid":{"rendered":"https:\/\/menschenfuermarktrodach.de\/?page_id=426"},"modified":"2026-01-23T16:40:05","modified_gmt":"2026-01-23T15:40:05","slug":"karin-gehring","status":"publish","type":"page","link":"https:\/\/menschenfuermarktrodach.de\/?page_id=426","title":{"rendered":"Karin Gehring"},"content":{"rendered":"\n<p>Heute stellen wir euch unseren Listenplatz 9 vor:<\/p>\n\n\n\n<p>Gemeinde ganzheitlich denken und pragmatisch handeln<img loading=\"lazy\" decoding=\"async\" height=\"16\" width=\"16\" alt=\"&#x1f4aa;&#x1f3fb;\" src=\"https:\/\/static.xx.fbcdn.net\/images\/emoji.php\/v9\/te7\/1\/16\/1f4aa_1f3fb.png\"> &#8211; daf\u00fcr steht Karin!<\/p>\n\n\n\n<p>Sie tritt f\u00fcr ein modernes, b\u00fcrgernahes Marktrodach mit starkem Ehrenamt ein.<\/p>\n\n\n\n<p>Engagement, Zusammenhalt und Verantwortung stehen f\u00fcr sie an erster Stelle.<img loading=\"lazy\" decoding=\"async\" height=\"16\" width=\"16\" alt=\"&#x1f91d;&#x1f3fb;\" src=\"https:\/\/static.xx.fbcdn.net\/images\/emoji.php\/v9\/tdf\/1\/16\/1f91d_1f3fb.png\"><\/p>\n\n\n\n<figure class=\"wp-block-image size-large\"><img loading=\"lazy\" decoding=\"async\" width=\"819\" height=\"1024\" src=\"http:\/\/menschenfuermarktrodach.de\/wp-content\/uploads\/2023\/11\/Karin-1-819x1024.jpg\" alt=\"\" class=\"wp-image-422\" srcset=\"https:\/\/menschenfuermarktrodach.de\/wp-content\/uploads\/2023\/11\/Karin-1-819x1024.jpg 819w, https:\/\/menschenfuermarktrodach.de\/wp-content\/uploads\/2023\/11\/Karin-1-240x300.jpg 240w, https:\/\/menschenfuermarktrodach.de\/wp-content\/uploads\/2023\/11\/Karin-1-768x960.jpg 768w, https:\/\/menschenfuermarktrodach.de\/wp-content\/uploads\/2023\/11\/Karin-1.jpg 1080w\" sizes=\"auto, (max-width: 819px) 100vw, 819px\" \/><\/figure>\n\n\n\n<figure class=\"wp-block-image size-large\"><img loading=\"lazy\" decoding=\"async\" width=\"819\" height=\"1024\" src=\"http:\/\/menschenfuermarktrodach.de\/wp-content\/uploads\/2023\/11\/Karin-2-819x1024.jpg\" alt=\"\" class=\"wp-image-423\" srcset=\"https:\/\/menschenfuermarktrodach.de\/wp-content\/uploads\/2023\/11\/Karin-2-819x1024.jpg 819w, https:\/\/menschenfuermarktrodach.de\/wp-content\/uploads\/2023\/11\/Karin-2-240x300.jpg 240w, https:\/\/menschenfuermarktrodach.de\/wp-content\/uploads\/2023\/11\/Karin-2-768x960.jpg 768w, https:\/\/menschenfuermarktrodach.de\/wp-content\/uploads\/2023\/11\/Karin-2.jpg 1080w\" sizes=\"auto, (max-width: 819px) 100vw, 819px\" \/><\/figure>\n\n\n\n<figure class=\"wp-block-image size-large\"><img loading=\"lazy\" decoding=\"async\" width=\"819\" height=\"1024\" src=\"http:\/\/menschenfuermarktrodach.de\/wp-content\/uploads\/2023\/11\/Karin-3-819x1024.jpg\" alt=\"\" class=\"wp-image-424\" srcset=\"https:\/\/menschenfuermarktrodach.de\/wp-content\/uploads\/2023\/11\/Karin-3-819x1024.jpg 819w, https:\/\/menschenfuermarktrodach.de\/wp-content\/uploads\/2023\/11\/Karin-3-240x300.jpg 240w, https:\/\/menschenfuermarktrodach.de\/wp-content\/uploads\/2023\/11\/Karin-3-768x960.jpg 768w, https:\/\/menschenfuermarktrodach.de\/wp-content\/uploads\/2023\/11\/Karin-3.jpg 1080w\" sizes=\"auto, (max-width: 819px) 100vw, 819px\" \/><\/figure>\n","protected":false},"excerpt":{"rendered":"<p>Heute stellen wir euch unseren Listenplatz 9 vor: Gemeinde ganzheitlich denken und pragmatisch handeln &#8211; daf\u00fcr steht Karin! Sie tritt f\u00fcr ein modernes, b\u00fcrgernahes Marktrodach mit starkem Ehrenamt ein. Engagement, Zusammenhalt und Verantwortung stehen f\u00fcr sie an erster Stelle.<\/p>\n","protected":false},"author":1,"featured_media":0,"parent":304,"menu_order":0,"comment_status":"closed","ping_status":"closed","template":"","meta":{"_kadence_starter_templates_imported_post":false,"footnotes":""},"class_list":["post-426","page","type-page","status-publish","hentry"],"_links":{"self":[{"href":"https:\/\/menschenfuermarktrodach.de\/index.php?rest_route=\/wp\/v2\/pages\/426","targetHints":{"allow":["GET"]}}],"collection":[{"href":"https:\/\/menschenfuermarktrodach.de\/index.php?rest_route=\/wp\/v2\/pages"}],"about":[{"href":"https:\/\/menschenfuermarktrodach.de\/index.php?rest_route=\/wp\/v2\/types\/page"}],"author":[{"embeddable":true,"href":"https:\/\/menschenfuermarktrodach.de\/index.php?rest_route=\/wp\/v2\/users\/1"}],"replies":[{"embeddable":true,"href":"https:\/\/menschenfuermarktrodach.de\/index.php?rest_route=%2Fwp%2Fv2%2Fcomments&post=426"}],"version-history":[{"count":1,"href":"https:\/\/menschenfuermarktrodach.de\/index.php?rest_route=\/wp\/v2\/pages\/426\/revisions"}],"predecessor-version":[{"id":427,"href":"https:\/\/menschenfuermarktrodach.de\/index.php?rest_route=\/wp\/v2\/pages\/426\/revisions\/427"}],"up":[{"embeddable":true,"href":"https:\/\/menschenfuermarktrodach.de\/index.php?rest_route=\/wp\/v2\/pages\/304"}],"wp:attachment":[{"href":"https:\/\/menschenfuermarktrodach.de\/index.php?rest_route=%2Fwp%2Fv2%2Fmedia&parent=426"}],"curies":[{"name":"wp","href":"https:\/\/api.w.org\/{rel}","templated":true}]}}