{"id":490,"date":"2026-01-31T15:27:41","date_gmt":"2026-01-31T14:27:41","guid":{"rendered":"https:\/\/menschenfuermarktrodach.de\/?page_id=490"},"modified":"2026-01-31T15:27:41","modified_gmt":"2026-01-31T14:27:41","slug":"lisa-sophy-doebner","status":"publish","type":"page","link":"https:\/\/menschenfuermarktrodach.de\/?page_id=490","title":{"rendered":"Lisa Sophy D\u00f6bner"},"content":{"rendered":"\n<p>Als Gesundheits &#8211; und Krankenpflegerin wei\u00df sie, wie wichtig Zusammenhalt, F\u00fcrsorge und ein gutes Miteinander sind.<\/p>\n\n\n\n<p>Lisa steht f\u00fcr ein lebendiges, soziales und zukunftsf\u00e4higes Dorf.<\/p>\n\n\n\n<figure class=\"wp-block-image size-large\"><img loading=\"lazy\" decoding=\"async\" width=\"819\" height=\"1024\" src=\"https:\/\/menschenfuermarktrodach.de\/wp-content\/uploads\/2026\/01\/Lisa-1-819x1024.jpg\" alt=\"\" class=\"wp-image-491\" srcset=\"https:\/\/menschenfuermarktrodach.de\/wp-content\/uploads\/2026\/01\/Lisa-1-819x1024.jpg 819w, https:\/\/menschenfuermarktrodach.de\/wp-content\/uploads\/2026\/01\/Lisa-1-240x300.jpg 240w, https:\/\/menschenfuermarktrodach.de\/wp-content\/uploads\/2026\/01\/Lisa-1-768x960.jpg 768w, https:\/\/menschenfuermarktrodach.de\/wp-content\/uploads\/2026\/01\/Lisa-1.jpg 1080w\" sizes=\"auto, (max-width: 819px) 100vw, 819px\" \/><\/figure>\n\n\n\n<figure class=\"wp-block-image size-large\"><img loading=\"lazy\" decoding=\"async\" width=\"819\" height=\"1024\" src=\"https:\/\/menschenfuermarktrodach.de\/wp-content\/uploads\/2026\/01\/Lisa-2-819x1024.jpg\" alt=\"\" class=\"wp-image-492\" srcset=\"https:\/\/menschenfuermarktrodach.de\/wp-content\/uploads\/2026\/01\/Lisa-2-819x1024.jpg 819w, https:\/\/menschenfuermarktrodach.de\/wp-content\/uploads\/2026\/01\/Lisa-2-240x300.jpg 240w, https:\/\/menschenfuermarktrodach.de\/wp-content\/uploads\/2026\/01\/Lisa-2-768x960.jpg 768w, https:\/\/menschenfuermarktrodach.de\/wp-content\/uploads\/2026\/01\/Lisa-2.jpg 1080w\" sizes=\"auto, (max-width: 819px) 100vw, 819px\" \/><\/figure>\n","protected":false},"excerpt":{"rendered":"<p>Als Gesundheits &#8211; und Krankenpflegerin wei\u00df sie, wie wichtig Zusammenhalt, F\u00fcrsorge und ein gutes Miteinander sind. Lisa steht f\u00fcr ein lebendiges, soziales und zukunftsf\u00e4higes Dorf.<\/p>\n","protected":false},"author":1,"featured_media":0,"parent":304,"menu_order":0,"comment_status":"closed","ping_status":"closed","template":"","meta":{"_kadence_starter_templates_imported_post":false,"footnotes":""},"class_list":["post-490","page","type-page","status-publish","hentry"],"_links":{"self":[{"href":"https:\/\/menschenfuermarktrodach.de\/index.php?rest_route=\/wp\/v2\/pages\/490","targetHints":{"allow":["GET"]}}],"collection":[{"href":"https:\/\/menschenfuermarktrodach.de\/index.php?rest_route=\/wp\/v2\/pages"}],"about":[{"href":"https:\/\/menschenfuermarktrodach.de\/index.php?rest_route=\/wp\/v2\/types\/page"}],"author":[{"embeddable":true,"href":"https:\/\/menschenfuermarktrodach.de\/index.php?rest_route=\/wp\/v2\/users\/1"}],"replies":[{"embeddable":true,"href":"https:\/\/menschenfuermarktrodach.de\/index.php?rest_route=%2Fwp%2Fv2%2Fcomments&post=490"}],"version-history":[{"count":1,"href":"https:\/\/menschenfuermarktrodach.de\/index.php?rest_route=\/wp\/v2\/pages\/490\/revisions"}],"predecessor-version":[{"id":493,"href":"https:\/\/menschenfuermarktrodach.de\/index.php?rest_route=\/wp\/v2\/pages\/490\/revisions\/493"}],"up":[{"embeddable":true,"href":"https:\/\/menschenfuermarktrodach.de\/index.php?rest_route=\/wp\/v2\/pages\/304"}],"wp:attachment":[{"href":"https:\/\/menschenfuermarktrodach.de\/index.php?rest_route=%2Fwp%2Fv2%2Fmedia&parent=490"}],"curies":[{"name":"wp","href":"https:\/\/api.w.org\/{rel}","templated":true}]}}