{"id":634,"date":"2026-03-28T16:18:49","date_gmt":"2026-03-28T15:18:49","guid":{"rendered":"https:\/\/menschenfuermarktrodach.de\/?page_id=634"},"modified":"2026-03-28T16:38:03","modified_gmt":"2026-03-28T15:38:03","slug":"aktuelles-2026","status":"publish","type":"page","link":"https:\/\/menschenfuermarktrodach.de\/?page_id=634","title":{"rendered":"Aktuelles 2026"},"content":{"rendered":"\n<p><strong>Ein starkes Signal f\u00fcr Marktrodach!<\/strong> <img loading=\"lazy\" decoding=\"async\" height=\"16\" width=\"16\" src=\"https:\/\/static.xx.fbcdn.net\/images\/emoji.php\/v9\/t4e\/1\/16\/1f5bc.png\" alt=\"&#x1f5bc;&#xfe0f;\"><img loading=\"lazy\" decoding=\"async\" height=\"16\" width=\"16\" src=\"https:\/\/static.xx.fbcdn.net\/images\/emoji.php\/v9\/t6c\/1\/16\/1f4aa.png\" alt=\"&#x1f4aa;\"><\/p>\n\n\n\n<p>Seit heute h\u00e4ngen unsere Plakate im ganzen Gemeindegebiet. Ein riesiges Dankesch\u00f6n an das gro\u00dfartige Team, das heute bei minus 7 Grad vollen Einsatz gezeigt hat.<\/p>\n\n\n\n<p>\u200bDie Plakate sind mehr als nur Papier \u2013 sie stehen f\u00fcr Kompetenz f\u00fcr heute und Kraft f\u00fcr morgen: Mit einem Team und einem Ziel: Marktrodach.<\/p>\n\n\n\n<p>\u200bHabt ihr schon eines entdeckt? Postet gerne ein Foto in eure Story und verlinkt uns! <img loading=\"lazy\" decoding=\"async\" height=\"16\" width=\"16\" src=\"https:\/\/static.xx.fbcdn.net\/images\/emoji.php\/v9\/tde\/1\/16\/1f4f8.png\" alt=\"&#x1f4f8;\"><\/p>\n\n\n\n<figure class=\"wp-block-gallery has-nested-images columns-default is-cropped wp-block-gallery-1 is-layout-flex wp-block-gallery-is-layout-flex\">\n<figure class=\"wp-block-image size-large\"><img loading=\"lazy\" decoding=\"async\" width=\"1024\" height=\"768\" data-id=\"450\" src=\"https:\/\/menschenfuermarktrodach.de\/wp-content\/uploads\/2026\/01\/Plaktieren-1-1024x768.jpg\" alt=\"\" class=\"wp-image-450\" srcset=\"https:\/\/menschenfuermarktrodach.de\/wp-content\/uploads\/2026\/01\/Plaktieren-1-1024x768.jpg 1024w, https:\/\/menschenfuermarktrodach.de\/wp-content\/uploads\/2026\/01\/Plaktieren-1-300x225.jpg 300w, https:\/\/menschenfuermarktrodach.de\/wp-content\/uploads\/2026\/01\/Plaktieren-1-768x576.jpg 768w, https:\/\/menschenfuermarktrodach.de\/wp-content\/uploads\/2026\/01\/Plaktieren-1-1536x1152.jpg 1536w, https:\/\/menschenfuermarktrodach.de\/wp-content\/uploads\/2026\/01\/Plaktieren-1.jpg 2048w\" sizes=\"auto, (max-width: 1024px) 100vw, 1024px\" \/><\/figure>\n\n\n\n<figure class=\"wp-block-image size-large\"><img loading=\"lazy\" decoding=\"async\" width=\"768\" height=\"1024\" data-id=\"446\" src=\"https:\/\/menschenfuermarktrodach.de\/wp-content\/uploads\/2026\/01\/Plaktieren-2-768x1024.jpg\" alt=\"\" class=\"wp-image-446\" srcset=\"https:\/\/menschenfuermarktrodach.de\/wp-content\/uploads\/2026\/01\/Plaktieren-2-768x1024.jpg 768w, https:\/\/menschenfuermarktrodach.de\/wp-content\/uploads\/2026\/01\/Plaktieren-2-225x300.jpg 225w, https:\/\/menschenfuermarktrodach.de\/wp-content\/uploads\/2026\/01\/Plaktieren-2-1152x1536.jpg 1152w, https:\/\/menschenfuermarktrodach.de\/wp-content\/uploads\/2026\/01\/Plaktieren-2.jpg 1200w\" sizes=\"auto, (max-width: 768px) 100vw, 768px\" \/><\/figure>\n\n\n\n<figure class=\"wp-block-image size-large\"><img loading=\"lazy\" decoding=\"async\" width=\"768\" height=\"1024\" data-id=\"449\" src=\"https:\/\/menschenfuermarktrodach.de\/wp-content\/uploads\/2026\/01\/Plaktieren-3-768x1024.jpg\" alt=\"\" class=\"wp-image-449\" srcset=\"https:\/\/menschenfuermarktrodach.de\/wp-content\/uploads\/2026\/01\/Plaktieren-3-768x1024.jpg 768w, https:\/\/menschenfuermarktrodach.de\/wp-content\/uploads\/2026\/01\/Plaktieren-3-225x300.jpg 225w, https:\/\/menschenfuermarktrodach.de\/wp-content\/uploads\/2026\/01\/Plaktieren-3-1152x1536.jpg 1152w, https:\/\/menschenfuermarktrodach.de\/wp-content\/uploads\/2026\/01\/Plaktieren-3.jpg 1536w\" sizes=\"auto, (max-width: 768px) 100vw, 768px\" \/><\/figure>\n\n\n\n<figure class=\"wp-block-image size-large\"><img loading=\"lazy\" decoding=\"async\" width=\"768\" height=\"1024\" data-id=\"451\" src=\"https:\/\/menschenfuermarktrodach.de\/wp-content\/uploads\/2026\/01\/Plaktieren-4-768x1024.jpg\" alt=\"\" class=\"wp-image-451\" srcset=\"https:\/\/menschenfuermarktrodach.de\/wp-content\/uploads\/2026\/01\/Plaktieren-4-768x1024.jpg 768w, https:\/\/menschenfuermarktrodach.de\/wp-content\/uploads\/2026\/01\/Plaktieren-4-225x300.jpg 225w, https:\/\/menschenfuermarktrodach.de\/wp-content\/uploads\/2026\/01\/Plaktieren-4-1152x1536.jpg 1152w, https:\/\/menschenfuermarktrodach.de\/wp-content\/uploads\/2026\/01\/Plaktieren-4.jpg 1536w\" sizes=\"auto, (max-width: 768px) 100vw, 768px\" \/><\/figure>\n\n\n\n<figure class=\"wp-block-image size-large\"><img loading=\"lazy\" decoding=\"async\" width=\"768\" height=\"1024\" data-id=\"447\" src=\"https:\/\/menschenfuermarktrodach.de\/wp-content\/uploads\/2026\/01\/Plaktieren-8-768x1024.jpg\" alt=\"\" class=\"wp-image-447\" srcset=\"https:\/\/menschenfuermarktrodach.de\/wp-content\/uploads\/2026\/01\/Plaktieren-8-768x1024.jpg 768w, https:\/\/menschenfuermarktrodach.de\/wp-content\/uploads\/2026\/01\/Plaktieren-8-225x300.jpg 225w, https:\/\/menschenfuermarktrodach.de\/wp-content\/uploads\/2026\/01\/Plaktieren-8-1152x1536.jpg 1152w, https:\/\/menschenfuermarktrodach.de\/wp-content\/uploads\/2026\/01\/Plaktieren-8.jpg 1536w\" sizes=\"auto, (max-width: 768px) 100vw, 768px\" \/><\/figure>\n\n\n\n<figure class=\"wp-block-image size-large\"><img loading=\"lazy\" decoding=\"async\" width=\"768\" height=\"1024\" data-id=\"445\" src=\"https:\/\/menschenfuermarktrodach.de\/wp-content\/uploads\/2026\/01\/Plaktieren-5-768x1024.jpg\" alt=\"\" class=\"wp-image-445\" srcset=\"https:\/\/menschenfuermarktrodach.de\/wp-content\/uploads\/2026\/01\/Plaktieren-5-768x1024.jpg 768w, https:\/\/menschenfuermarktrodach.de\/wp-content\/uploads\/2026\/01\/Plaktieren-5-225x300.jpg 225w, https:\/\/menschenfuermarktrodach.de\/wp-content\/uploads\/2026\/01\/Plaktieren-5-1152x1536.jpg 1152w, https:\/\/menschenfuermarktrodach.de\/wp-content\/uploads\/2026\/01\/Plaktieren-5.jpg 1200w\" sizes=\"auto, (max-width: 768px) 100vw, 768px\" \/><\/figure>\n\n\n\n<figure class=\"wp-block-image size-large\"><img loading=\"lazy\" decoding=\"async\" width=\"768\" height=\"1024\" data-id=\"448\" src=\"https:\/\/menschenfuermarktrodach.de\/wp-content\/uploads\/2026\/01\/Plaktieren-6-768x1024.jpg\" alt=\"\" class=\"wp-image-448\" srcset=\"https:\/\/menschenfuermarktrodach.de\/wp-content\/uploads\/2026\/01\/Plaktieren-6-768x1024.jpg 768w, https:\/\/menschenfuermarktrodach.de\/wp-content\/uploads\/2026\/01\/Plaktieren-6-225x300.jpg 225w, https:\/\/menschenfuermarktrodach.de\/wp-content\/uploads\/2026\/01\/Plaktieren-6-1152x1536.jpg 1152w, https:\/\/menschenfuermarktrodach.de\/wp-content\/uploads\/2026\/01\/Plaktieren-6.jpg 1200w\" sizes=\"auto, (max-width: 768px) 100vw, 768px\" \/><\/figure>\n\n\n\n<figure class=\"wp-block-image size-large\"><img loading=\"lazy\" decoding=\"async\" width=\"768\" height=\"1024\" data-id=\"452\" src=\"https:\/\/menschenfuermarktrodach.de\/wp-content\/uploads\/2026\/01\/Plaktieren-7-768x1024.jpg\" alt=\"\" class=\"wp-image-452\" srcset=\"https:\/\/menschenfuermarktrodach.de\/wp-content\/uploads\/2026\/01\/Plaktieren-7-768x1024.jpg 768w, https:\/\/menschenfuermarktrodach.de\/wp-content\/uploads\/2026\/01\/Plaktieren-7-225x300.jpg 225w, https:\/\/menschenfuermarktrodach.de\/wp-content\/uploads\/2026\/01\/Plaktieren-7-1152x1536.jpg 1152w, https:\/\/menschenfuermarktrodach.de\/wp-content\/uploads\/2026\/01\/Plaktieren-7.jpg 1536w\" sizes=\"auto, (max-width: 768px) 100vw, 768px\" \/><\/figure>\n<\/figure>\n\n\n\n<hr class=\"wp-block-separator has-alpha-channel-opacity\"\/>\n\n\n\n<p>&#x2744;&#xfe0f; <strong>WINTER OPEN AIR VIBES<\/strong> &#x2744;&#xfe0f;<br><br>Was f\u00fcr ein sch\u00f6ner Abend in Marktrodach!<br><br>Gestern haben wir gemeinsam getanzt, gelacht und den Winter gefeiert. &#x1f483;&#x1f57a;<br><br>Ein riesiges Dankesch\u00f6n geht an unseren Tobias Gehring von der Band Tollhaus und seine Power-Familie!<br><br>Gemeinsam mit Sabine und Sohn Max haben sie f\u00fcr eine Wahnsinns-Stimmung gesorgt, bei der niemand stillstehen konnte. &#x2728;<br><br>Es war toll zu sehen, wie viel Energie und gute Laune ihr mitgebracht habt! &#x1f3b6;&#x1f525;<br><br>Ein herzliches Dankesch\u00f6n an alle G\u00e4ste, die da waren und diesen Abend f\u00fcr den Verein Menschen f\u00fcr Marktrodach so besonders gemacht haben.<br><br>Gemeinschaft macht einfach am meisten Spa\u00df! &#x1f91d;&#x2764;&#xfe0f;<br><br>Bis zum n\u00e4chsten Mal! &#x2744;&#xfe0f;&#x2728;<\/p>\n\n\n\n<figure class=\"wp-block-gallery has-nested-images columns-default is-cropped wp-block-gallery-2 is-layout-flex wp-block-gallery-is-layout-flex\">\n<figure class=\"wp-block-image size-large\"><img loading=\"lazy\" decoding=\"async\" width=\"1024\" height=\"768\" data-id=\"368\" src=\"https:\/\/menschenfuermarktrodach.de\/wp-content\/uploads\/2023\/11\/IMG-20260118-WA0024-1024x768.jpg\" alt=\"\" class=\"wp-image-368\" srcset=\"https:\/\/menschenfuermarktrodach.de\/wp-content\/uploads\/2023\/11\/IMG-20260118-WA0024-1024x768.jpg 1024w, https:\/\/menschenfuermarktrodach.de\/wp-content\/uploads\/2023\/11\/IMG-20260118-WA0024-300x225.jpg 300w, https:\/\/menschenfuermarktrodach.de\/wp-content\/uploads\/2023\/11\/IMG-20260118-WA0024-768x576.jpg 768w, https:\/\/menschenfuermarktrodach.de\/wp-content\/uploads\/2023\/11\/IMG-20260118-WA0024-1536x1152.jpg 1536w, https:\/\/menschenfuermarktrodach.de\/wp-content\/uploads\/2023\/11\/IMG-20260118-WA0024.jpg 1600w\" sizes=\"auto, (max-width: 1024px) 100vw, 1024px\" \/><\/figure>\n\n\n\n<figure class=\"wp-block-image size-large\"><img loading=\"lazy\" decoding=\"async\" width=\"768\" height=\"1024\" data-id=\"369\" src=\"https:\/\/menschenfuermarktrodach.de\/wp-content\/uploads\/2023\/11\/IMG-20260118-WA0026-768x1024.jpg\" alt=\"\" class=\"wp-image-369\" srcset=\"https:\/\/menschenfuermarktrodach.de\/wp-content\/uploads\/2023\/11\/IMG-20260118-WA0026-768x1024.jpg 768w, https:\/\/menschenfuermarktrodach.de\/wp-content\/uploads\/2023\/11\/IMG-20260118-WA0026-225x300.jpg 225w, https:\/\/menschenfuermarktrodach.de\/wp-content\/uploads\/2023\/11\/IMG-20260118-WA0026-1152x1536.jpg 1152w, https:\/\/menschenfuermarktrodach.de\/wp-content\/uploads\/2023\/11\/IMG-20260118-WA0026.jpg 1200w\" sizes=\"auto, (max-width: 768px) 100vw, 768px\" \/><\/figure>\n\n\n\n<figure class=\"wp-block-image size-large\"><img loading=\"lazy\" decoding=\"async\" width=\"768\" height=\"1024\" data-id=\"370\" src=\"https:\/\/menschenfuermarktrodach.de\/wp-content\/uploads\/2023\/11\/IMG-20260118-WA0027-768x1024.jpg\" alt=\"\" class=\"wp-image-370\" srcset=\"https:\/\/menschenfuermarktrodach.de\/wp-content\/uploads\/2023\/11\/IMG-20260118-WA0027-768x1024.jpg 768w, https:\/\/menschenfuermarktrodach.de\/wp-content\/uploads\/2023\/11\/IMG-20260118-WA0027-225x300.jpg 225w, https:\/\/menschenfuermarktrodach.de\/wp-content\/uploads\/2023\/11\/IMG-20260118-WA0027-1152x1536.jpg 1152w, https:\/\/menschenfuermarktrodach.de\/wp-content\/uploads\/2023\/11\/IMG-20260118-WA0027.jpg 1200w\" sizes=\"auto, (max-width: 768px) 100vw, 768px\" \/><\/figure>\n\n\n\n<figure class=\"wp-block-image size-large\"><img loading=\"lazy\" decoding=\"async\" width=\"768\" height=\"1024\" data-id=\"377\" src=\"https:\/\/menschenfuermarktrodach.de\/wp-content\/uploads\/2023\/11\/IMG-20260118-WA0029-768x1024.jpg\" alt=\"\" class=\"wp-image-377\" srcset=\"https:\/\/menschenfuermarktrodach.de\/wp-content\/uploads\/2023\/11\/IMG-20260118-WA0029-768x1024.jpg 768w, https:\/\/menschenfuermarktrodach.de\/wp-content\/uploads\/2023\/11\/IMG-20260118-WA0029-225x300.jpg 225w, https:\/\/menschenfuermarktrodach.de\/wp-content\/uploads\/2023\/11\/IMG-20260118-WA0029-1152x1536.jpg 1152w, https:\/\/menschenfuermarktrodach.de\/wp-content\/uploads\/2023\/11\/IMG-20260118-WA0029.jpg 1500w\" sizes=\"auto, (max-width: 768px) 100vw, 768px\" \/><\/figure>\n\n\n\n<figure class=\"wp-block-image size-large\"><img loading=\"lazy\" decoding=\"async\" width=\"1024\" height=\"768\" data-id=\"374\" src=\"https:\/\/menschenfuermarktrodach.de\/wp-content\/uploads\/2023\/11\/IMG-20260118-WA0032-1024x768.jpg\" alt=\"\" class=\"wp-image-374\" srcset=\"https:\/\/menschenfuermarktrodach.de\/wp-content\/uploads\/2023\/11\/IMG-20260118-WA0032-1024x768.jpg 1024w, https:\/\/menschenfuermarktrodach.de\/wp-content\/uploads\/2023\/11\/IMG-20260118-WA0032-300x225.jpg 300w, https:\/\/menschenfuermarktrodach.de\/wp-content\/uploads\/2023\/11\/IMG-20260118-WA0032-768x576.jpg 768w, https:\/\/menschenfuermarktrodach.de\/wp-content\/uploads\/2023\/11\/IMG-20260118-WA0032-1536x1152.jpg 1536w, https:\/\/menschenfuermarktrodach.de\/wp-content\/uploads\/2023\/11\/IMG-20260118-WA0032.jpg 2000w\" sizes=\"auto, (max-width: 1024px) 100vw, 1024px\" \/><\/figure>\n\n\n\n<figure class=\"wp-block-image size-large\"><img loading=\"lazy\" decoding=\"async\" width=\"768\" height=\"1024\" data-id=\"373\" src=\"https:\/\/menschenfuermarktrodach.de\/wp-content\/uploads\/2023\/11\/IMG-20260118-WA0033-768x1024.jpg\" alt=\"\" class=\"wp-image-373\" srcset=\"https:\/\/menschenfuermarktrodach.de\/wp-content\/uploads\/2023\/11\/IMG-20260118-WA0033-768x1024.jpg 768w, https:\/\/menschenfuermarktrodach.de\/wp-content\/uploads\/2023\/11\/IMG-20260118-WA0033-225x300.jpg 225w, https:\/\/menschenfuermarktrodach.de\/wp-content\/uploads\/2023\/11\/IMG-20260118-WA0033-1152x1536.jpg 1152w, https:\/\/menschenfuermarktrodach.de\/wp-content\/uploads\/2023\/11\/IMG-20260118-WA0033.jpg 1500w\" sizes=\"auto, (max-width: 768px) 100vw, 768px\" \/><\/figure>\n\n\n\n<figure class=\"wp-block-image size-large\"><img loading=\"lazy\" decoding=\"async\" width=\"768\" height=\"1024\" data-id=\"376\" src=\"https:\/\/menschenfuermarktrodach.de\/wp-content\/uploads\/2023\/11\/IMG-20260118-WA0041-768x1024.jpg\" alt=\"\" class=\"wp-image-376\" srcset=\"https:\/\/menschenfuermarktrodach.de\/wp-content\/uploads\/2023\/11\/IMG-20260118-WA0041-768x1024.jpg 768w, https:\/\/menschenfuermarktrodach.de\/wp-content\/uploads\/2023\/11\/IMG-20260118-WA0041-225x300.jpg 225w, https:\/\/menschenfuermarktrodach.de\/wp-content\/uploads\/2023\/11\/IMG-20260118-WA0041-1152x1536.jpg 1152w, https:\/\/menschenfuermarktrodach.de\/wp-content\/uploads\/2023\/11\/IMG-20260118-WA0041.jpg 1200w\" sizes=\"auto, (max-width: 768px) 100vw, 768px\" \/><\/figure>\n\n\n\n<figure class=\"wp-block-image size-large\"><img loading=\"lazy\" decoding=\"async\" width=\"768\" height=\"1024\" data-id=\"378\" src=\"https:\/\/menschenfuermarktrodach.de\/wp-content\/uploads\/2023\/11\/IMG-20260118-WA0042-768x1024.jpg\" alt=\"\" class=\"wp-image-378\" srcset=\"https:\/\/menschenfuermarktrodach.de\/wp-content\/uploads\/2023\/11\/IMG-20260118-WA0042-768x1024.jpg 768w, https:\/\/menschenfuermarktrodach.de\/wp-content\/uploads\/2023\/11\/IMG-20260118-WA0042-225x300.jpg 225w, https:\/\/menschenfuermarktrodach.de\/wp-content\/uploads\/2023\/11\/IMG-20260118-WA0042-1152x1536.jpg 1152w, https:\/\/menschenfuermarktrodach.de\/wp-content\/uploads\/2023\/11\/IMG-20260118-WA0042.jpg 1500w\" sizes=\"auto, (max-width: 768px) 100vw, 768px\" \/><\/figure>\n\n\n\n<figure class=\"wp-block-image size-large\"><img loading=\"lazy\" decoding=\"async\" width=\"768\" height=\"1024\" data-id=\"372\" src=\"https:\/\/menschenfuermarktrodach.de\/wp-content\/uploads\/2023\/11\/IMG-20260118-WA0044-768x1024.jpg\" alt=\"\" class=\"wp-image-372\" srcset=\"https:\/\/menschenfuermarktrodach.de\/wp-content\/uploads\/2023\/11\/IMG-20260118-WA0044-768x1024.jpg 768w, https:\/\/menschenfuermarktrodach.de\/wp-content\/uploads\/2023\/11\/IMG-20260118-WA0044-225x300.jpg 225w, https:\/\/menschenfuermarktrodach.de\/wp-content\/uploads\/2023\/11\/IMG-20260118-WA0044-1152x1536.jpg 1152w, https:\/\/menschenfuermarktrodach.de\/wp-content\/uploads\/2023\/11\/IMG-20260118-WA0044.jpg 1500w\" sizes=\"auto, (max-width: 768px) 100vw, 768px\" \/><\/figure>\n\n\n\n<figure class=\"wp-block-image size-large\"><img loading=\"lazy\" decoding=\"async\" width=\"1024\" height=\"768\" data-id=\"375\" src=\"https:\/\/menschenfuermarktrodach.de\/wp-content\/uploads\/2023\/11\/IMG-20260118-WA0049-1024x768.jpg\" alt=\"\" class=\"wp-image-375\" srcset=\"https:\/\/menschenfuermarktrodach.de\/wp-content\/uploads\/2023\/11\/IMG-20260118-WA0049-1024x768.jpg 1024w, https:\/\/menschenfuermarktrodach.de\/wp-content\/uploads\/2023\/11\/IMG-20260118-WA0049-300x225.jpg 300w, https:\/\/menschenfuermarktrodach.de\/wp-content\/uploads\/2023\/11\/IMG-20260118-WA0049-768x576.jpg 768w, https:\/\/menschenfuermarktrodach.de\/wp-content\/uploads\/2023\/11\/IMG-20260118-WA0049-1536x1152.jpg 1536w, https:\/\/menschenfuermarktrodach.de\/wp-content\/uploads\/2023\/11\/IMG-20260118-WA0049.jpg 1600w\" sizes=\"auto, (max-width: 1024px) 100vw, 1024px\" \/><\/figure>\n\n\n\n<figure class=\"wp-block-image size-large\"><img loading=\"lazy\" decoding=\"async\" width=\"768\" height=\"1024\" data-id=\"379\" src=\"https:\/\/menschenfuermarktrodach.de\/wp-content\/uploads\/2026\/01\/IMG-20260118-WA0053-768x1024.jpg\" alt=\"\" class=\"wp-image-379\" srcset=\"https:\/\/menschenfuermarktrodach.de\/wp-content\/uploads\/2026\/01\/IMG-20260118-WA0053-768x1024.jpg 768w, https:\/\/menschenfuermarktrodach.de\/wp-content\/uploads\/2026\/01\/IMG-20260118-WA0053-225x300.jpg 225w, https:\/\/menschenfuermarktrodach.de\/wp-content\/uploads\/2026\/01\/IMG-20260118-WA0053-1152x1536.jpg 1152w, https:\/\/menschenfuermarktrodach.de\/wp-content\/uploads\/2026\/01\/IMG-20260118-WA0053.jpg 1200w\" sizes=\"auto, (max-width: 768px) 100vw, 768px\" \/><\/figure>\n<\/figure>\n\n\n\n<hr class=\"wp-block-separator has-alpha-channel-opacity\"\/>\n\n\n\n<figure class=\"wp-block-gallery has-nested-images columns-default is-cropped wp-block-gallery-3 is-layout-flex wp-block-gallery-is-layout-flex\">\n<figure class=\"wp-block-image size-large\"><img loading=\"lazy\" decoding=\"async\" width=\"1024\" height=\"1024\" data-id=\"253\" src=\"https:\/\/menschenfuermarktrodach.de\/wp-content\/uploads\/2023\/11\/IMG-20260105-WA0001-1024x1024.jpg\" alt=\"\" class=\"wp-image-253\" srcset=\"https:\/\/menschenfuermarktrodach.de\/wp-content\/uploads\/2023\/11\/IMG-20260105-WA0001-1024x1024.jpg 1024w, https:\/\/menschenfuermarktrodach.de\/wp-content\/uploads\/2023\/11\/IMG-20260105-WA0001-300x300.jpg 300w, https:\/\/menschenfuermarktrodach.de\/wp-content\/uploads\/2023\/11\/IMG-20260105-WA0001-150x150.jpg 150w, https:\/\/menschenfuermarktrodach.de\/wp-content\/uploads\/2023\/11\/IMG-20260105-WA0001-768x769.jpg 768w, https:\/\/menschenfuermarktrodach.de\/wp-content\/uploads\/2023\/11\/IMG-20260105-WA0001.jpg 1074w\" sizes=\"auto, (max-width: 1024px) 100vw, 1024px\" \/><\/figure>\n\n\n\n<figure class=\"wp-block-image size-large\"><img loading=\"lazy\" decoding=\"async\" width=\"1006\" height=\"1024\" data-id=\"254\" src=\"https:\/\/menschenfuermarktrodach.de\/wp-content\/uploads\/2023\/11\/IMG-20260105-WA0002-1006x1024.jpg\" alt=\"\" class=\"wp-image-254\" srcset=\"https:\/\/menschenfuermarktrodach.de\/wp-content\/uploads\/2023\/11\/IMG-20260105-WA0002-1006x1024.jpg 1006w, https:\/\/menschenfuermarktrodach.de\/wp-content\/uploads\/2023\/11\/IMG-20260105-WA0002-295x300.jpg 295w, https:\/\/menschenfuermarktrodach.de\/wp-content\/uploads\/2023\/11\/IMG-20260105-WA0002-768x782.jpg 768w, https:\/\/menschenfuermarktrodach.de\/wp-content\/uploads\/2023\/11\/IMG-20260105-WA0002.jpg 1080w\" sizes=\"auto, (max-width: 1006px) 100vw, 1006px\" \/><\/figure>\n<\/figure>\n\n\n\n<p><strong>Winter Open Air in Marktrodach \u2013 Feiern f\u00fcr unsere Jugend!<\/strong> &#x2744;&#xfe0f;&#x1f525;&#x1f3b6;<br><br><strong>*\u200bMarktrodach feiert, und wir laden alle Generationen herzlich ein!*<br><\/strong><br>Gemeinsam verbringen wir einen tollen Abend und tun dabei etwas Gutes:<br><br>Der Erl\u00f6s der Veranstaltung geht an den Markt Marktrodach f\u00fcr den geplanten m\u00f6glichen neuen Jugendplatz! &#x1f3df;&#xfe0f;&#x1f466;&#x1f467;<br><br>&#x25b6;&#xfe0f;\u200bWann? Samstag, 17.01.2026<br>&#x25b6;&#xfe0f;Wo? Sportheimgel\u00e4nde des FC Unter-\/Oberrodach in Unterrodach<br>&#x25b6;&#xfe0f;Eintritt? Frei!<br><br><strong>*\u200bDas Programm f\u00fcr die ganze Familie:*<\/strong><br><br>\u200b&#x2728; Kinderdisco: Ab 17:00 Uhr startet der Spa\u00df f\u00fcr die Kleinsten! &#x1f483;&#x1f57a;<br><br><strong>*Spezial-Angebot f\u00fcr jedes Kind:*<\/strong><br><br>&#x1f32d;\u200bBratwurst: 1,50 Euro<br>&#x1f95b;\u200bGetr\u00e4nk:1,50 Euro<br><br>\u200b<strong>&#x1f680;*Party &amp; Dance:*<\/strong><br><br>Ab 18:18 Uhr gibt es Musik zum Tanzen&#x1f57a; und Feiern &#x1f973; und&nbsp; unser Tobias &amp; Family von der Partyband TOLLHAUS \u00fcbernehmen das Kommando und heizen uns ein.<br>Ende der Party: 23.59 Uhr&#x261d;&#x1f3fb;<br><br><strong>*\u200bKulinarik &amp; Winter-Bar im beheizten Zelt:*<\/strong><br><br>\u200bGenie\u00dft unsere hausgemachten Leckereien und w\u00e4rmenden Drinks:<br><br><strong>*\u200bEssen&#x1f37d;&#xfe0f;:*<\/strong><br><br>&#x25b6;&#xfe0f;Hausgemachte Bratw\u00fcrste<br>&#x25b6;&#xfe0f;K\u00fcrbiscremesuppe &amp;<br>&#x25b6;&#xfe0f;frische Cr\u00eapes (mit oder ohne Schokolade) &#x1f36b;<br><br><strong>*\u200bWinter-Bar&#x1f379;:*<\/strong><br><br>Lumumba, Gl\u00fchwein, hei\u00dfer Aperol &amp; Apfelpunsch &#x2615;&#xfe0f; Spritzig &amp; hei\u00df!<br><br>\u200bKommt vorbei, feiert mit uns und unterst\u00fctzt damit ein wichtiges Projekt f\u00fcr die Jugend in unserer Heimat!<br><br>\u200bEure Katja &amp; das Team von Menschen f\u00fcr Marktrodach e.V.<\/p>\n\n\n\n<hr class=\"wp-block-separator has-alpha-channel-opacity\"\/>\n\n\n\n<p><strong>Tsch\u00fcss Tannenbaum, hallo Gemeinschaft! <\/strong>&#x1f332;&#x1f525;<br><br>\u200bWir waren beim Knutfest der ELJ Unterrodach am Sportheim-Gel\u00e4nde des FC U\/O.<br><br>Ein riesiges Dankesch\u00f6n an die engagierten Jugendlichen, die in dieser Woche im ganzen Ort unterwegs waren und die alten B\u00e4ume eingesammelt haben.<br><br>Danke f\u00fcr diesen tollen Service! &#x1f64f;&#x2728;<br><br>\u200bWas f\u00fcr ein sch\u00f6ner Abend:<br><br>&#x1f32d; Leckere Bratw\u00fcrste vom Grill<br>&#x1f34a; Hot Aperol &amp; hei\u00dfer Amaretto (die perfekten Seelenw\u00e4rmer!)<br>&#x1f525; Ein gem\u00fctliches Feuer und tolle Stimmung<br><br>\u200bRespekt an die Landjugend f\u00fcr die super Organisation. &#x1f4aa;&#x1f44f;<br>\u200b<br>#Unterrodach #Knutfest #ELJUnterrodach #Ehrenamt #Landjugend<\/p>\n\n\n\n<figure class=\"wp-block-gallery has-nested-images columns-default is-cropped wp-block-gallery-4 is-layout-flex wp-block-gallery-is-layout-flex\">\n<figure class=\"wp-block-image size-large\"><img loading=\"lazy\" decoding=\"async\" width=\"1024\" height=\"747\" data-id=\"283\" src=\"https:\/\/menschenfuermarktrodach.de\/wp-content\/uploads\/2023\/11\/IMG-20260110-WA0001-1024x747.jpg\" alt=\"\" class=\"wp-image-283\" srcset=\"https:\/\/menschenfuermarktrodach.de\/wp-content\/uploads\/2023\/11\/IMG-20260110-WA0001-1024x747.jpg 1024w, https:\/\/menschenfuermarktrodach.de\/wp-content\/uploads\/2023\/11\/IMG-20260110-WA0001-300x219.jpg 300w, https:\/\/menschenfuermarktrodach.de\/wp-content\/uploads\/2023\/11\/IMG-20260110-WA0001-768x560.jpg 768w, https:\/\/menschenfuermarktrodach.de\/wp-content\/uploads\/2023\/11\/IMG-20260110-WA0001.jpg 1184w\" sizes=\"auto, (max-width: 1024px) 100vw, 1024px\" \/><\/figure>\n\n\n\n<figure class=\"wp-block-image size-large\"><img loading=\"lazy\" decoding=\"async\" width=\"937\" height=\"974\" data-id=\"285\" src=\"https:\/\/menschenfuermarktrodach.de\/wp-content\/uploads\/2023\/11\/IMG-20260110-WA0002-002.jpg\" alt=\"\" class=\"wp-image-285\" srcset=\"https:\/\/menschenfuermarktrodach.de\/wp-content\/uploads\/2023\/11\/IMG-20260110-WA0002-002.jpg 937w, https:\/\/menschenfuermarktrodach.de\/wp-content\/uploads\/2023\/11\/IMG-20260110-WA0002-002-289x300.jpg 289w, https:\/\/menschenfuermarktrodach.de\/wp-content\/uploads\/2023\/11\/IMG-20260110-WA0002-002-768x798.jpg 768w\" sizes=\"auto, (max-width: 937px) 100vw, 937px\" \/><\/figure>\n<\/figure>\n\n\n\n<p><\/p>\n","protected":false},"excerpt":{"rendered":"<p>Ein starkes Signal f\u00fcr Marktrodach! Seit heute h\u00e4ngen unsere Plakate im ganzen Gemeindegebiet. Ein riesiges Dankesch\u00f6n an das gro\u00dfartige Team, das heute bei minus 7 Grad vollen Einsatz gezeigt hat. \u200bDie Plakate sind mehr als nur Papier \u2013 sie stehen f\u00fcr Kompetenz f\u00fcr heute und Kraft f\u00fcr morgen: Mit einem Team und einem Ziel: Marktrodach. [&hellip;]<\/p>\n","protected":false},"author":1,"featured_media":0,"parent":0,"menu_order":0,"comment_status":"closed","ping_status":"closed","template":"","meta":{"_kadence_starter_templates_imported_post":false,"footnotes":""},"class_list":["post-634","page","type-page","status-publish","hentry"],"_links":{"self":[{"href":"https:\/\/menschenfuermarktrodach.de\/index.php?rest_route=\/wp\/v2\/pages\/634","targetHints":{"allow":["GET"]}}],"collection":[{"href":"https:\/\/menschenfuermarktrodach.de\/index.php?rest_route=\/wp\/v2\/pages"}],"about":[{"href":"https:\/\/menschenfuermarktrodach.de\/index.php?rest_route=\/wp\/v2\/types\/page"}],"author":[{"embeddable":true,"href":"https:\/\/menschenfuermarktrodach.de\/index.php?rest_route=\/wp\/v2\/users\/1"}],"replies":[{"embeddable":true,"href":"https:\/\/menschenfuermarktrodach.de\/index.php?rest_route=%2Fwp%2Fv2%2Fcomments&post=634"}],"version-history":[{"count":4,"href":"https:\/\/menschenfuermarktrodach.de\/index.php?rest_route=\/wp\/v2\/pages\/634\/revisions"}],"predecessor-version":[{"id":651,"href":"https:\/\/menschenfuermarktrodach.de\/index.php?rest_route=\/wp\/v2\/pages\/634\/revisions\/651"}],"wp:attachment":[{"href":"https:\/\/menschenfuermarktrodach.de\/index.php?rest_route=%2Fwp%2Fv2%2Fmedia&parent=634"}],"curies":[{"name":"wp","href":"https:\/\/api.w.org\/{rel}","templated":true}]}}