{"id":640,"date":"2026-03-28T16:20:18","date_gmt":"2026-03-28T15:20:18","guid":{"rendered":"https:\/\/menschenfuermarktrodach.de\/?page_id=640"},"modified":"2026-03-28T16:26:25","modified_gmt":"2026-03-28T15:26:25","slug":"aktuelles-2024","status":"publish","type":"page","link":"https:\/\/menschenfuermarktrodach.de\/?page_id=640","title":{"rendered":"Aktuelles 2024"},"content":{"rendered":"\n<figure class=\"wp-block-image size-large\"><img loading=\"lazy\" decoding=\"async\" width=\"1024\" height=\"1024\" src=\"http:\/\/menschenfuermarktrodach.de\/wp-content\/uploads\/2024\/03\/Osterkaffee-2024-1-1024x1024.jpg\" alt=\"\" class=\"wp-image-129\" srcset=\"https:\/\/menschenfuermarktrodach.de\/wp-content\/uploads\/2024\/03\/Osterkaffee-2024-1-1024x1024.jpg 1024w, https:\/\/menschenfuermarktrodach.de\/wp-content\/uploads\/2024\/03\/Osterkaffee-2024-1-300x300.jpg 300w, https:\/\/menschenfuermarktrodach.de\/wp-content\/uploads\/2024\/03\/Osterkaffee-2024-1-150x150.jpg 150w, https:\/\/menschenfuermarktrodach.de\/wp-content\/uploads\/2024\/03\/Osterkaffee-2024-1-768x768.jpg 768w, https:\/\/menschenfuermarktrodach.de\/wp-content\/uploads\/2024\/03\/Osterkaffee-2024-1.jpg 1080w\" sizes=\"auto, (max-width: 1024px) 100vw, 1024px\" \/><\/figure>\n\n\n\n<hr class=\"wp-block-separator has-alpha-channel-opacity\"\/>\n\n\n\n<div class=\"wp-block-group alignwide is-layout-flow wp-block-group-is-layout-flow\">\n<figure class=\"wp-block-image aligncenter size-full is-resized\"><img loading=\"lazy\" decoding=\"async\" width=\"587\" height=\"585\" src=\"http:\/\/menschenfuermarktrodach.de\/wp-content\/uploads\/2024\/01\/Aperol-1.jpg\" alt=\"\" class=\"wp-image-106\" style=\"aspect-ratio:1;width:678px;height:auto\" srcset=\"https:\/\/menschenfuermarktrodach.de\/wp-content\/uploads\/2024\/01\/Aperol-1.jpg 587w, https:\/\/menschenfuermarktrodach.de\/wp-content\/uploads\/2024\/01\/Aperol-1-300x300.jpg 300w, https:\/\/menschenfuermarktrodach.de\/wp-content\/uploads\/2024\/01\/Aperol-1-150x150.jpg 150w\" sizes=\"auto, (max-width: 587px) 100vw, 587px\" \/><\/figure>\n\n\n\n<hr class=\"wp-block-separator has-alpha-channel-opacity\"\/>\n\n\n\n<blockquote class=\"wp-block-quote is-layout-flow wp-block-quote-is-layout-flow\">\n<p><\/p>\n<\/blockquote>\n<\/div>\n\n\n\n<p class=\"has-large-font-size\">Adventsengel im Haus Marie<\/p>\n\n\n\n<p>&#8222;Die Adventszeit ist eine Zeit, in der man Zeit hat, dar\u00fcber nachzudenken, wof\u00fcr es sich lohnt, sich Zeit zu nehmen.&#8220; Gudrun Kropp<\/p>\n\n\n\n<p>Drei unserer Vorstandsmitglieder haben sich Zeit genommen und die Tagspflege Haus Marie in Oberrodach besucht. Bei Kaffee, Kuchen und Herzhaftem war Zeit sich zu unterhalten und auszutauschen. Liedbeitr\u00e4ge und die Weihnachtsgeschichte in fr\u00e4nkischem Dialekt rundeten den Nachmittag ab.<\/p>\n\n\n\n<p>Danke, dass wir bei euch zu Gast sein durften!<\/p>\n\n\n\n<figure class=\"wp-block-image size-full\"><img loading=\"lazy\" decoding=\"async\" width=\"768\" height=\"768\" src=\"http:\/\/menschenfuermarktrodach.de\/wp-content\/uploads\/2023\/12\/Advent-1.jpg\" alt=\"\" class=\"wp-image-93\" srcset=\"https:\/\/menschenfuermarktrodach.de\/wp-content\/uploads\/2023\/12\/Advent-1.jpg 768w, https:\/\/menschenfuermarktrodach.de\/wp-content\/uploads\/2023\/12\/Advent-1-300x300.jpg 300w, https:\/\/menschenfuermarktrodach.de\/wp-content\/uploads\/2023\/12\/Advent-1-150x150.jpg 150w\" sizes=\"auto, (max-width: 768px) 100vw, 768px\" \/><\/figure>\n\n\n\n<figure class=\"wp-block-gallery has-nested-images columns-default is-cropped wp-block-gallery-1 is-layout-flex wp-block-gallery-is-layout-flex\">\n<figure class=\"wp-block-image size-large\"><img loading=\"lazy\" decoding=\"async\" width=\"1024\" height=\"1024\" data-id=\"94\" src=\"http:\/\/menschenfuermarktrodach.de\/wp-content\/uploads\/2023\/12\/Advent-2-1024x1024.jpg\" alt=\"\" class=\"wp-image-94\" srcset=\"https:\/\/menschenfuermarktrodach.de\/wp-content\/uploads\/2023\/12\/Advent-2-1024x1024.jpg 1024w, https:\/\/menschenfuermarktrodach.de\/wp-content\/uploads\/2023\/12\/Advent-2-300x300.jpg 300w, https:\/\/menschenfuermarktrodach.de\/wp-content\/uploads\/2023\/12\/Advent-2-150x150.jpg 150w, https:\/\/menschenfuermarktrodach.de\/wp-content\/uploads\/2023\/12\/Advent-2-768x768.jpg 768w, https:\/\/menschenfuermarktrodach.de\/wp-content\/uploads\/2023\/12\/Advent-2.jpg 1440w\" sizes=\"auto, (max-width: 1024px) 100vw, 1024px\" \/><\/figure>\n<\/figure>\n\n\n\n<figure class=\"wp-block-image size-full\"><img loading=\"lazy\" decoding=\"async\" width=\"805\" height=\"805\" src=\"http:\/\/menschenfuermarktrodach.de\/wp-content\/uploads\/2023\/12\/Advent-3.jpg\" alt=\"\" class=\"wp-image-95\" srcset=\"https:\/\/menschenfuermarktrodach.de\/wp-content\/uploads\/2023\/12\/Advent-3.jpg 805w, https:\/\/menschenfuermarktrodach.de\/wp-content\/uploads\/2023\/12\/Advent-3-300x300.jpg 300w, https:\/\/menschenfuermarktrodach.de\/wp-content\/uploads\/2023\/12\/Advent-3-150x150.jpg 150w, https:\/\/menschenfuermarktrodach.de\/wp-content\/uploads\/2023\/12\/Advent-3-768x768.jpg 768w\" sizes=\"auto, (max-width: 805px) 100vw, 805px\" \/><\/figure>\n\n\n\n<figure class=\"wp-block-image size-large\"><img loading=\"lazy\" decoding=\"async\" width=\"1024\" height=\"1024\" src=\"http:\/\/menschenfuermarktrodach.de\/wp-content\/uploads\/2023\/12\/Advent-4-1024x1024.jpg\" alt=\"\" class=\"wp-image-96\" srcset=\"https:\/\/menschenfuermarktrodach.de\/wp-content\/uploads\/2023\/12\/Advent-4-1024x1024.jpg 1024w, https:\/\/menschenfuermarktrodach.de\/wp-content\/uploads\/2023\/12\/Advent-4-300x300.jpg 300w, https:\/\/menschenfuermarktrodach.de\/wp-content\/uploads\/2023\/12\/Advent-4-150x150.jpg 150w, https:\/\/menschenfuermarktrodach.de\/wp-content\/uploads\/2023\/12\/Advent-4-768x768.jpg 768w, https:\/\/menschenfuermarktrodach.de\/wp-content\/uploads\/2023\/12\/Advent-4.jpg 1440w\" sizes=\"auto, (max-width: 1024px) 100vw, 1024px\" \/><\/figure>\n\n\n\n<hr class=\"wp-block-separator has-alpha-channel-opacity\"\/>\n\n\n\n<p class=\"has-large-font-size\">Neuer Verein in der Vereinswelt von Marktrodach<\/p>\n\n\n\n<p class=\"has-medium-font-size\" style=\"font-weight:300\">Unter gro\u00dfer Aufmerksamkeit wurde am 16.2.2023 der neue Verein &#8222;Menschen f\u00fcr Marktrodach&#8220; gegr\u00fcndet. Ziel des Vereins ist u.a. die F\u00f6rderung des Zusammenhalts und der Gemeinschaft in allen Bereichen dess Gemeinwesens in Marktrodach. Zur 1. Vorsitzenden des neu gegr\u00fcndeten Vereins wurde einstimmig die Unterrodacherin Katja Wich gew\u00e4hlt. Unterst\u00fctzt wird sie von Roland Pompe aus Zeyern, der das Amt des 2. Vorsitzenden belegt. Komplettiert wird das Vorstandsteam mit Kassier Bernd G\u00f6bel und Schriftf\u00fchrerin Annalena Kestel. Mit verschiedenen Aktionen m\u00f6chte der Verein u.a. weitere kulturelle und soziale Veranstaltungen ins Leben rufen und damit die Marktrodacher Vereinswelt erg\u00e4nzen. Die neu gew\u00e4hlte Vorsitzende bedankte sich f\u00fcr das gro\u00dfe entgegengebrachte Vertrauen und freut sich auf die kommende Zusammenarbeit. Vor allem hofft sie auf Unterst\u00fctzung aus allen Bereichen der Gesellschaft: &#8222;Bringen sie Bewegung in bewegte Zeiten  und machen sie mit.&#8220;<\/p>\n\n\n\n<figure class=\"wp-block-image size-large\"><img loading=\"lazy\" decoding=\"async\" width=\"1024\" height=\"802\" src=\"http:\/\/menschenfuermarktrodach.de\/wp-content\/uploads\/2023\/11\/Vorstand2023-1024x802.jpg\" alt=\"\" class=\"wp-image-53\" srcset=\"https:\/\/menschenfuermarktrodach.de\/wp-content\/uploads\/2023\/11\/Vorstand2023-1024x802.jpg 1024w, https:\/\/menschenfuermarktrodach.de\/wp-content\/uploads\/2023\/11\/Vorstand2023-300x235.jpg 300w, https:\/\/menschenfuermarktrodach.de\/wp-content\/uploads\/2023\/11\/Vorstand2023-768x601.jpg 768w, https:\/\/menschenfuermarktrodach.de\/wp-content\/uploads\/2023\/11\/Vorstand2023.jpg 1487w\" sizes=\"auto, (max-width: 1024px) 100vw, 1024px\" \/><\/figure>\n\n\n\n<p><\/p>\n\n\n\n<p><\/p>\n\n\n\n<p><\/p>\n","protected":false},"excerpt":{"rendered":"<p>Adventsengel im Haus Marie &#8222;Die Adventszeit ist eine Zeit, in der man Zeit hat, dar\u00fcber nachzudenken, wof\u00fcr es sich lohnt, sich Zeit zu nehmen.&#8220; Gudrun Kropp Drei unserer Vorstandsmitglieder haben sich Zeit genommen und die Tagspflege Haus Marie in Oberrodach besucht. Bei Kaffee, Kuchen und Herzhaftem war Zeit sich zu unterhalten und auszutauschen. Liedbeitr\u00e4ge und [&hellip;]<\/p>\n","protected":false},"author":1,"featured_media":0,"parent":0,"menu_order":0,"comment_status":"closed","ping_status":"closed","template":"","meta":{"_kadence_starter_templates_imported_post":false,"footnotes":""},"class_list":["post-640","page","type-page","status-publish","hentry"],"_links":{"self":[{"href":"https:\/\/menschenfuermarktrodach.de\/index.php?rest_route=\/wp\/v2\/pages\/640","targetHints":{"allow":["GET"]}}],"collection":[{"href":"https:\/\/menschenfuermarktrodach.de\/index.php?rest_route=\/wp\/v2\/pages"}],"about":[{"href":"https:\/\/menschenfuermarktrodach.de\/index.php?rest_route=\/wp\/v2\/types\/page"}],"author":[{"embeddable":true,"href":"https:\/\/menschenfuermarktrodach.de\/index.php?rest_route=\/wp\/v2\/users\/1"}],"replies":[{"embeddable":true,"href":"https:\/\/menschenfuermarktrodach.de\/index.php?rest_route=%2Fwp%2Fv2%2Fcomments&post=640"}],"version-history":[{"count":2,"href":"https:\/\/menschenfuermarktrodach.de\/index.php?rest_route=\/wp\/v2\/pages\/640\/revisions"}],"predecessor-version":[{"id":645,"href":"https:\/\/menschenfuermarktrodach.de\/index.php?rest_route=\/wp\/v2\/pages\/640\/revisions\/645"}],"wp:attachment":[{"href":"https:\/\/menschenfuermarktrodach.de\/index.php?rest_route=%2Fwp%2Fv2%2Fmedia&parent=640"}],"curies":[{"name":"wp","href":"https:\/\/api.w.org\/{rel}","templated":true}]}}