{"id":79,"date":"2025-12-09T19:57:27","date_gmt":"2025-12-09T18:57:27","guid":{"rendered":"http:\/\/menschenfuermarktrodach.de\/?page_id=79"},"modified":"2026-03-21T16:19:56","modified_gmt":"2026-03-21T15:19:56","slug":"medien","status":"publish","type":"page","link":"https:\/\/menschenfuermarktrodach.de\/?page_id=79","title":{"rendered":"Medien"},"content":{"rendered":"\n<figure class=\"wp-block-embed is-type-video is-provider-youtube wp-block-embed-youtube wp-embed-aspect-16-9 wp-has-aspect-ratio\"><div class=\"wp-block-embed__wrapper\">\n<iframe loading=\"lazy\" title=\"Ein Gru\u00df von den &quot;Menschen f\u00fcr Marktrodach&quot; nach der Wahl\" width=\"500\" height=\"281\" src=\"https:\/\/www.youtube.com\/embed\/UWRjR6__fyE?feature=oembed\" frameborder=\"0\" allow=\"accelerometer; autoplay; clipboard-write; encrypted-media; gyroscope; picture-in-picture; web-share\" referrerpolicy=\"strict-origin-when-cross-origin\" allowfullscreen><\/iframe>\n<\/div><\/figure>\n\n\n\n<hr class=\"wp-block-separator has-alpha-channel-opacity\"\/>\n\n\n\n<p><strong>Nach dem Dialog ist vor der Entscheidung!<\/strong> <img loading=\"lazy\" decoding=\"async\" height=\"16\" width=\"16\" src=\"https:\/\/static.xx.fbcdn.net\/images\/emoji.php\/v9\/t9a\/1\/16\/1f5f3.png\" alt=\"&#x1f5f3;&#xfe0f;\"><img loading=\"lazy\" decoding=\"async\" height=\"16\" width=\"16\" src=\"https:\/\/static.xx.fbcdn.net\/images\/emoji.php\/v9\/tff\/1\/16\/1f3a5.png\" alt=\"&#x1f3a5;\"><\/p>\n\n\n\n<p>\u200bUnsere Vor-Ort-Runde durch die Marktrodacher Gasth\u00e4user war ein voller Erfolg \u2013 danke f\u00fcr eure Zeit, eure Fragen und den ehrlichen Austausch!<\/p>\n\n\n\n<p>Aber weil wir nicht jeden pers\u00f6nlich am Stammtisch erreichen konnten, legt unser 3. B\u00fcrgermeister Roland Pompe jetzt nochmal nach.<\/p>\n\n\n\n<p>\u200b<img loading=\"lazy\" decoding=\"async\" height=\"16\" width=\"16\" alt=\"&#x1f4fa;\" src=\"https:\/\/static.xx.fbcdn.net\/images\/emoji.php\/v9\/t87\/1\/16\/1f4fa.png\"> Schaut euch das Video an!<\/p>\n\n\n\n<figure class=\"wp-block-embed is-type-video is-provider-youtube wp-block-embed-youtube wp-embed-aspect-16-9 wp-has-aspect-ratio\"><div class=\"wp-block-embed__wrapper\">\n<iframe loading=\"lazy\" title=\"3. B\u00fcrgermeister Roland Pompe u\u0308ber sich und Katja Wich\" width=\"500\" height=\"281\" src=\"https:\/\/www.youtube.com\/embed\/9ne3LTmSWMs?feature=oembed\" frameborder=\"0\" allow=\"accelerometer; autoplay; clipboard-write; encrypted-media; gyroscope; picture-in-picture; web-share\" referrerpolicy=\"strict-origin-when-cross-origin\" allowfullscreen><\/iframe>\n<\/div><\/figure>\n\n\n\n<p>Roland bringt es auf den Punkt: Wo dr\u00fcckt der Schuh in Marktrodach wirklich? Und warum ist der 8. M\u00e4rz so entscheidend f\u00fcr unsere Heimat?<\/p>\n\n\n\n<p>\u200bNehmt euch die zwei Minuten \u2013 es lohnt sich! Roland redet wie ihm der Schnabel gewachsen ist: Geradeaus, fr\u00e4nkisch, echt.<\/p>\n\n\n\n<p>\u200bEure Stimme f\u00fcr Marktrodach \u2013 am 8. M\u00e4rz (oder jetzt schon per Briefwahl)! <img loading=\"lazy\" decoding=\"async\" height=\"16\" width=\"16\" alt=\"&#x1f5f3;&#xfe0f;\" src=\"https:\/\/static.xx.fbcdn.net\/images\/emoji.php\/v9\/t9a\/1\/16\/1f5f3.png\"><\/p>\n\n\n\n<hr class=\"wp-block-separator has-alpha-channel-opacity\"\/>\n\n\n\n<p><strong>PS auf die Stra\u00dfe bringen \u2013 f\u00fcr unsere Gemeinde! &#x1f3ce;&#xfe0f;&#x1f4a8;<br><\/strong><br>\u200bDarf ich vorstellen? <a href=\"https:\/\/menschenfuermarktrodach.de\/?page_id=430\" data-type=\"page\" data-id=\"430\" target=\"_blank\" rel=\"noreferrer noopener\">Dr. Tobias Gehring<\/a>, unser Mann auf Listenplatz 10. &#x1f5f3;&#xfe0f;<br><br>\u200bWer Tobias kennt, wei\u00df: Er gibt sich nicht mit dem Durchschnitt zufrieden. Als Experte zun\u00e4chst bei einem Weltkonzern wie BMW und nun ZF arbeitete er in einem Umfeld mit \u00fcber 100.000 Mitarbeitern, in dem nur die Besten bestehen.<br><br>Diese Pr\u00e4zision, Effizienz und Innovationskraft will er nun f\u00fcr uns im Gemeinderat einsetzen.<br><br>\u200bDoch Tobias bringt nicht nur Business-Strategie mit. Er ist der kreative Kopf, der uns in den letzten Monaten mit seinen Videos und Interviews medial so stark in Szene gesetzt hat. &#x1f3a5;&#x2728;<br><br>Er versteht es, Themen auf den Punkt zu bringen und sichtbar zu machen.<br><br>\u200bWas uns aber am meisten beeindruckt, ist seine Haltung. Er hat uns eine wichtige Lektion gelehrt:<br><br>\u200b\u201eWenn andere dich beneiden oder schlecht machen, bleib bei dir und zieh dein Ding durch.\u201c &#x1f981;<br><br>\u200bDiese Souver\u00e4nit\u00e4t und L\u00f6wenruhe ist genau das, was unser Gemeinderat braucht.<br><br>Setzen Sie auf echte Profi-Qualit\u00e4t und R\u00fcckgrat.<br><br>\u200b&#x2705; Fachkompetenz aus der Champions League<br>&#x2705; Moderne Kommunikation &amp; Transparenz<br>&#x2705; Charakter, der dem Wind standh\u00e4lt<br><br>\u200bAm Wahltag: Dr. Tobias Gehring \u2013 Listenplatz 10.<br><br>Das komplette Video &#x1f4f9; findet ihr auf unserem Kanal @MenschenfuerMarktrodach.<br><br>#menschenf\u00fcrmarktrodach #MarktrodachW\u00e4hlt #katjawich<\/p>\n\n\n\n<figure class=\"wp-block-embed is-type-video is-provider-youtube wp-block-embed-youtube wp-embed-aspect-16-9 wp-has-aspect-ratio\"><div class=\"wp-block-embed__wrapper\">\n<iframe loading=\"lazy\" title=\"Dr. Tobias Gehring - Menschen hinter Menschen f\u00fcr Marktrodach\" width=\"500\" height=\"281\" src=\"https:\/\/www.youtube.com\/embed\/prJTDs0cmJw?feature=oembed\" frameborder=\"0\" allow=\"accelerometer; autoplay; clipboard-write; encrypted-media; gyroscope; picture-in-picture; web-share\" referrerpolicy=\"strict-origin-when-cross-origin\" allowfullscreen><\/iframe>\n<\/div><\/figure>\n\n\n\n<hr class=\"wp-block-separator has-alpha-channel-opacity\"\/>\n\n\n\n<p><strong>Herzschlag Ehrenamt \u2013 Sabine Roth f\u00fcr unsere Vereine!<\/strong> <img loading=\"lazy\" decoding=\"async\" height=\"16\" width=\"16\" src=\"https:\/\/static.xx.fbcdn.net\/images\/emoji.php\/v9\/t64\/1\/16\/1f91d.png\" alt=\"&#x1f91d;\"><img loading=\"lazy\" decoding=\"async\" height=\"16\" width=\"16\" src=\"https:\/\/static.xx.fbcdn.net\/images\/emoji.php\/v9\/t6c\/1\/16\/2764.png\" alt=\"&#x2764;&#xfe0f;\"><\/p>\n\n\n\n<p>\u200bVereine sind mehr als nur Freizeitgestaltung \u2013 sie sind das R\u00fcckgrat unserer Heimat Marktrodach.<\/p>\n\n\n\n<p>Unsere Gemeinderatskandidatin Sabine Roth macht sich stark f\u00fcr alle, die sich ehrenamtlich engagieren.<\/p>\n\n\n\n<p>\u200bIn ihrem Kurzvideo stellt sie vor, wof\u00fcr sie steht:<\/p>\n\n\n\n<p><img loading=\"lazy\" decoding=\"async\" height=\"16\" width=\"16\" alt=\"&#x2705;\" src=\"https:\/\/static.xx.fbcdn.net\/images\/emoji.php\/v9\/t33\/1\/16\/2705.png\"> Echte Unterst\u00fctzung statt unn\u00f6tiger B\u00fcrokratie.<\/p>\n\n\n\n<p><img loading=\"lazy\" decoding=\"async\" height=\"16\" width=\"16\" alt=\"&#x2705;\" src=\"https:\/\/static.xx.fbcdn.net\/images\/emoji.php\/v9\/t33\/1\/16\/2705.png\"> Wertsch\u00e4tzung f\u00fcr die Menschen, die ihre Freizeit f\u00fcr uns opfern.<\/p>\n\n\n\n<p><img loading=\"lazy\" decoding=\"async\" height=\"16\" width=\"16\" alt=\"&#x2705;\" src=\"https:\/\/static.xx.fbcdn.net\/images\/emoji.php\/v9\/t33\/1\/16\/2705.png\"> Starke Infrastruktur f\u00fcr Sport, Kultur und Brauchtum.<\/p>\n\n\n\n<p>\u200bSchaut rein und lernt Sabine und ihre Visionen kennen! <img loading=\"lazy\" decoding=\"async\" height=\"16\" width=\"16\" alt=\"&#x1f3ac;\" src=\"https:\/\/static.xx.fbcdn.net\/images\/emoji.php\/v9\/t2d\/1\/16\/1f3ac.png\"><\/p>\n\n\n\n<p>\u200bKompetenz f\u00fcr heute. Kraft f\u00fcr morgen.<\/p>\n\n\n\n<p>\u200b<a href=\"https:\/\/www.facebook.com\/watch\/hashtag\/marktrodach?__eep__=6%2F&amp;__cft__[0]=AZbsjJWR28mAPHe6IMzPShHwHqIG4eqrvplwOy7kh8uuLVwDFNc2CB0X5nxi2jJ_rdGxlBczUeTXdSD5dD9DbCTD_W3fHesQfp6Vs3_8VjdJkdvhtOkIz_m2Y5yc-mPMuRikgw32mCQC6N_bmpouP9_2AIs8PhwYS8NfoGvnEJp_AAGl1q3Fx6jv18HybjIji-gZNVtV5I0buMZGBzTSCwxu&amp;__tn__=*NK-R\">#Marktrodach<\/a><a href=\"https:\/\/www.facebook.com\/watch\/hashtag\/ehrenamt?__eep__=6%2F&amp;__cft__[0]=AZbsjJWR28mAPHe6IMzPShHwHqIG4eqrvplwOy7kh8uuLVwDFNc2CB0X5nxi2jJ_rdGxlBczUeTXdSD5dD9DbCTD_W3fHesQfp6Vs3_8VjdJkdvhtOkIz_m2Y5yc-mPMuRikgw32mCQC6N_bmpouP9_2AIs8PhwYS8NfoGvnEJp_AAGl1q3Fx6jv18HybjIji-gZNVtV5I0buMZGBzTSCwxu&amp;__tn__=*NK-R\">#Ehrenamt<\/a><a href=\"https:\/\/www.facebook.com\/watch\/hashtag\/vereinsleben?__eep__=6%2F&amp;__cft__[0]=AZbsjJWR28mAPHe6IMzPShHwHqIG4eqrvplwOy7kh8uuLVwDFNc2CB0X5nxi2jJ_rdGxlBczUeTXdSD5dD9DbCTD_W3fHesQfp6Vs3_8VjdJkdvhtOkIz_m2Y5yc-mPMuRikgw32mCQC6N_bmpouP9_2AIs8PhwYS8NfoGvnEJp_AAGl1q3Fx6jv18HybjIji-gZNVtV5I0buMZGBzTSCwxu&amp;__tn__=*NK-R\">#Vereinsleben<\/a><a href=\"https:\/\/www.facebook.com\/watch\/hashtag\/sabineroth?__eep__=6%2F&amp;__cft__[0]=AZbsjJWR28mAPHe6IMzPShHwHqIG4eqrvplwOy7kh8uuLVwDFNc2CB0X5nxi2jJ_rdGxlBczUeTXdSD5dD9DbCTD_W3fHesQfp6Vs3_8VjdJkdvhtOkIz_m2Y5yc-mPMuRikgw32mCQC6N_bmpouP9_2AIs8PhwYS8NfoGvnEJp_AAGl1q3Fx6jv18HybjIji-gZNVtV5I0buMZGBzTSCwxu&amp;__tn__=*NK-R\">#SabineRoth<\/a><\/p>\n\n\n\n<figure class=\"wp-block-embed is-type-video is-provider-youtube wp-block-embed-youtube wp-embed-aspect-16-9 wp-has-aspect-ratio\"><div class=\"wp-block-embed__wrapper\">\n<iframe loading=\"lazy\" title=\"Sabine Roth - Menschen hinter Menschen f\u00fcr Marktrodach\" width=\"500\" height=\"281\" src=\"https:\/\/www.youtube.com\/embed\/n8HQgEHMoOI?feature=oembed\" frameborder=\"0\" allow=\"accelerometer; autoplay; clipboard-write; encrypted-media; gyroscope; picture-in-picture; web-share\" referrerpolicy=\"strict-origin-when-cross-origin\" allowfullscreen><\/iframe>\n<\/div><\/figure>\n\n\n\n<hr class=\"wp-block-separator has-alpha-channel-opacity\"\/>\n\n\n\n<p><strong>Tatjana Hentschel, geb. Ott,&nbsp; im Portr\u00e4t: Motivation pur!<\/strong> &#x1f680;<br><br>\u200bWer ist die Frau, die f\u00fcr Marktrodach anpacken will?<br><br>Im Video erz\u00e4hlt Tatjana, warum sie sich f\u00fcr unsere Gemeinde engagiert und was sie im Gemeinderat bewegen m\u00f6chte. &#x1f3a5;<br><br>\u200bIhre Vision: Ein Marktrodach, das mutig nach vorne schaut.<br><br>\u200bViel Spa\u00df beim Anschauen! &#x1f37f;<br><br>\u00dcbrigens: Am Donnerstag sind wir um 19 Uhr im Restaurant Stegner. Tatjana auch&#x1f609;<\/p>\n\n\n\n<figure class=\"wp-block-embed is-type-video is-provider-youtube wp-block-embed-youtube wp-embed-aspect-16-9 wp-has-aspect-ratio\"><div class=\"wp-block-embed__wrapper\">\n<iframe loading=\"lazy\" title=\"Tatjana Hentschel - Menschen hinter Menschen f\u00fcr Marktrodach\" width=\"500\" height=\"281\" src=\"https:\/\/www.youtube.com\/embed\/zbVLaD6qxsY?feature=oembed\" frameborder=\"0\" allow=\"accelerometer; autoplay; clipboard-write; encrypted-media; gyroscope; picture-in-picture; web-share\" referrerpolicy=\"strict-origin-when-cross-origin\" allowfullscreen><\/iframe>\n<\/div><\/figure>\n\n\n\n<hr class=\"wp-block-separator has-alpha-channel-opacity\"\/>\n\n\n\n<p><strong>Gemeinsam f\u00fcr Marktrodach: Ein starker Schulterschluss! <\/strong>&#x1f91d;&#x1f5f3;&#xfe0f;<br><br>\u200bWir r\u00fccken enger zusammen! In Marktrodach gehen wir neue Wege:<br><br>Der CSU Ortsverband Marktrodach verzichtet bei der kommenden Wahl auf eine eigene Liste und einen eigenen B\u00fcrgermeisterkandidaten.<br><br>Stattdessen setzen sie auf volle Zusammenarbeit mit unserem \u00fcberparteilichen Verein \u201eMenschen f\u00fcr Marktrodach e.V.\u201c.<\/p>\n\n\n\n<p>Erlebt die Zusammenarbeit in Aktion!<br><br>Ich nehme euch mit direkt vor Ort, denn hier beginnt nun die Sanierung des ehemaligen Pfarrhauses&#x1f3e1;<\/p>\n\n\n\n<figure class=\"wp-block-embed is-type-video is-provider-youtube wp-block-embed-youtube wp-embed-aspect-16-9 wp-has-aspect-ratio\"><div class=\"wp-block-embed__wrapper\">\n<iframe loading=\"lazy\" title=\"Zusammenarbeit mit der CSU &amp; Sanierung des Pfarrhauses in Seibelsdorf\" width=\"500\" height=\"281\" src=\"https:\/\/www.youtube.com\/embed\/-nGXf1kAKG0?feature=oembed\" frameborder=\"0\" allow=\"accelerometer; autoplay; clipboard-write; encrypted-media; gyroscope; picture-in-picture; web-share\" referrerpolicy=\"strict-origin-when-cross-origin\" allowfullscreen><\/iframe>\n<\/div><\/figure>\n\n\n\n<hr class=\"wp-block-separator has-alpha-channel-opacity\"\/>\n\n\n\n<p><strong>Interview-Highlight: Katja Wich in der Galerie an der Rodach!<\/strong> &#x1f3a4;&#x1f5f3;&#xfe0f;<\/p>\n\n\n\n<p>\u200bUnsere B\u00fcrgermeisterkandidatin Katja Wich stellte sich unseren Fragen in der wundersch\u00f6nen Galerie an der Rodach. &#x1f3de;&#xfe0f;<\/p>\n\n\n\n<p>\u200bDurch den Abend f\u00fchrte souver\u00e4n Gemeinderatskandidat der Menschen f\u00fcr Marktrodach, Dr. Tobias Gehring (Listenplatz 10).<\/p>\n\n\n\n<p>Ein wichtiges Gespr\u00e4ch in toller Atmosph\u00e4re!<\/p>\n\n\n\n<p><\/p>\n\n\n\n<figure class=\"wp-block-embed is-type-video is-provider-youtube wp-block-embed-youtube wp-embed-aspect-16-9 wp-has-aspect-ratio\"><div class=\"wp-block-embed__wrapper\">\n<iframe loading=\"lazy\" title=\"Interview mit B\u00fcrgermeisterkandidatin Katja Wich\" width=\"500\" height=\"281\" src=\"https:\/\/www.youtube.com\/embed\/sMh8ElfEAHU?feature=oembed\" frameborder=\"0\" allow=\"accelerometer; autoplay; clipboard-write; encrypted-media; gyroscope; picture-in-picture; web-share\" referrerpolicy=\"strict-origin-when-cross-origin\" allowfullscreen><\/iframe>\n<\/div><\/figure>\n\n\n\n<p>Ein besonderer Dank gilt:<\/p>\n\n\n\n<p>&#x25b6;&#xfe0f;\u200bDr. Tobias Gehring, seiner Frau Sabine und Sohn Maximilian (bekannt durch die Band Tollhaus &#x1f3b6;)<br>&#x25b6;&#xfe0f;\u200bTim Schmierer (Listenplatz 3) von den Menschen f\u00fcr Marktrodach<\/p>\n\n\n\n<p>\u200bVielen Dank f\u00fcr die Unterst\u00fctzung und den Einsatz! &#x1f64f;<\/p>\n","protected":false},"excerpt":{"rendered":"<p>Nach dem Dialog ist vor der Entscheidung! \u200bUnsere Vor-Ort-Runde durch die Marktrodacher Gasth\u00e4user war ein voller Erfolg \u2013 danke f\u00fcr eure Zeit, eure Fragen und den ehrlichen Austausch! Aber weil wir nicht jeden pers\u00f6nlich am Stammtisch erreichen konnten, legt unser 3. B\u00fcrgermeister Roland Pompe jetzt nochmal nach. \u200b Schaut euch das Video an! Roland bringt [&hellip;]<\/p>\n","protected":false},"author":1,"featured_media":0,"parent":0,"menu_order":0,"comment_status":"closed","ping_status":"closed","template":"","meta":{"_kadence_starter_templates_imported_post":false,"footnotes":""},"class_list":["post-79","page","type-page","status-publish","hentry"],"_links":{"self":[{"href":"https:\/\/menschenfuermarktrodach.de\/index.php?rest_route=\/wp\/v2\/pages\/79","targetHints":{"allow":["GET"]}}],"collection":[{"href":"https:\/\/menschenfuermarktrodach.de\/index.php?rest_route=\/wp\/v2\/pages"}],"about":[{"href":"https:\/\/menschenfuermarktrodach.de\/index.php?rest_route=\/wp\/v2\/types\/page"}],"author":[{"embeddable":true,"href":"https:\/\/menschenfuermarktrodach.de\/index.php?rest_route=\/wp\/v2\/users\/1"}],"replies":[{"embeddable":true,"href":"https:\/\/menschenfuermarktrodach.de\/index.php?rest_route=%2Fwp%2Fv2%2Fcomments&post=79"}],"version-history":[{"count":14,"href":"https:\/\/menschenfuermarktrodach.de\/index.php?rest_route=\/wp\/v2\/pages\/79\/revisions"}],"predecessor-version":[{"id":615,"href":"https:\/\/menschenfuermarktrodach.de\/index.php?rest_route=\/wp\/v2\/pages\/79\/revisions\/615"}],"wp:attachment":[{"href":"https:\/\/menschenfuermarktrodach.de\/index.php?rest_route=%2Fwp%2Fv2%2Fmedia&parent=79"}],"curies":[{"name":"wp","href":"https:\/\/api.w.org\/{rel}","templated":true}]}}